{"id":4150,"date":"2024-04-10T08:50:08","date_gmt":"2024-04-10T08:50:08","guid":{"rendered":"https:\/\/quantec.eu\/quantec-pro\/axxyxx\/"},"modified":"2025-01-09T15:31:24","modified_gmt":"2025-01-09T14:31:24","slug":"axxyxx","status":"publish","type":"page","link":"https:\/\/quantec.eu\/pt-pt\/axxyxx\/","title":{"rendered":"axxyxx"},"content":{"rendered":"\t\t<div data-elementor-type=\"wp-page\" data-elementor-id=\"4150\" class=\"elementor elementor-4150 elementor-2898\" data-elementor-post-type=\"page\">\n\t\t\t\t<div data-particle_enable=\"false\" data-particle-mobile-disabled=\"false\" class=\"elementor-element elementor-element-cd91c0b e-con-full e-flex e-con e-parent\" data-id=\"cd91c0b\" data-element_type=\"container\" data-e-type=\"container\" data-settings=\"{&quot;background_background&quot;:&quot;classic&quot;}\">\n\t\t<div data-particle_enable=\"false\" data-particle-mobile-disabled=\"false\" class=\"elementor-element elementor-element-28f25e20 e-con-full e-flex e-con e-child\" data-id=\"28f25e20\" data-element_type=\"container\" data-e-type=\"container\">\n\t\t\t\t<div class=\"elementor-element elementor-element-6cafdb7 elementor-widget elementor-widget-heading\" data-id=\"6cafdb7\" data-element_type=\"widget\" data-e-type=\"widget\" data-widget_type=\"heading.default\">\n\t\t\t\t<div class=\"elementor-widget-container\">\n\t\t\t\t\t<h1 class=\"elementor-heading-title elementor-size-default\">AXXYXX<\/h1>\t\t\t\t<\/div>\n\t\t\t\t<\/div>\n\t\t\t\t<\/div>\n\t\t\t\t<\/div>\n\t\t<div data-particle_enable=\"false\" data-particle-mobile-disabled=\"false\" class=\"elementor-element elementor-element-1a5c103c e-flex e-con-boxed e-con e-parent\" data-id=\"1a5c103c\" data-element_type=\"container\" data-e-type=\"container\" data-settings=\"{&quot;background_background&quot;:&quot;classic&quot;}\">\n\t\t\t\t\t<div class=\"e-con-inner\">\n\t\t<div data-particle_enable=\"false\" data-particle-mobile-disabled=\"false\" class=\"elementor-element elementor-element-a9c0150 e-con-full e-flex e-con e-child\" data-id=\"a9c0150\" data-element_type=\"container\" data-e-type=\"container\">\n\t\t\t\t<div class=\"elementor-element elementor-element-74629425 elementor-widget elementor-widget-image\" data-id=\"74629425\" data-element_type=\"widget\" data-e-type=\"widget\" data-widget_type=\"image.default\">\n\t\t\t\t<div class=\"elementor-widget-container\">\n\t\t\t\t\t\t\t\t\t\t\t\t\t\t\t<img decoding=\"async\" width=\"300\" height=\"165\" src=\"https:\/\/quantec.eu\/wp-content\/uploads\/2024\/04\/Logo-AXXYXX-klein.jpg\" class=\"attachment-full size-full wp-image-2906\" alt=\"\" \/>\t\t\t\t\t\t\t\t\t\t\t\t\t\t\t<\/div>\n\t\t\t\t<\/div>\n\t\t\t\t<\/div>\n\t\t<div data-particle_enable=\"false\" data-particle-mobile-disabled=\"false\" class=\"elementor-element elementor-element-1905aee4 e-con-full e-flex e-con e-child\" data-id=\"1905aee4\" data-element_type=\"container\" data-e-type=\"container\">\n\t\t\t\t<div class=\"elementor-element elementor-element-59cbe5a4 elementor-widget elementor-widget-heading\" data-id=\"59cbe5a4\" data-element_type=\"widget\" data-e-type=\"widget\" data-widget_type=\"heading.default\">\n\t\t\t\t<div class=\"elementor-widget-container\">\n\t\t\t\t\t<h2 class=\"elementor-heading-title elementor-size-default\">O que \u00e9 AXXYXX?<\/h2>\t\t\t\t<\/div>\n\t\t\t\t<\/div>\n\t\t\t\t<div class=\"elementor-element elementor-element-9ddd696 elementor-widget elementor-widget-text-editor\" data-id=\"9ddd696\" data-element_type=\"widget\" data-e-type=\"widget\" data-widget_type=\"text-editor.default\">\n\t\t\t\t<div class=\"elementor-widget-container\">\n\t\t\t\t\t\t\t\t\t<p>Em todo o mundo, nossos dispositivos se tornaram conhecidos como &#8220;QUANTEC<span class=\"s1\">\u00ae<\/span>&#8220;.<\/p>\n<p>Somente nos <strong>EUA<\/strong>, <strong>Canad\u00e1<\/strong> e <strong>Jap\u00e3o<\/strong> nosso nome &#8220;QUANTEC<span class=\"s1\">\u00ae<\/span>&#8221; j\u00e1 havia sido registrado como marca registrada por outras empresas antes. Portanto, nossos dispositivos n\u00e3o podem ser vendidos com este nome nestes pa\u00edses.<\/p>\n<p>Nossos dispositivos s\u00e3o oferecidos l\u00e1 como &#8220;AXXYXX&#8221;.<\/p>\n\t\t\t\t\t\t\t\t<\/div>\n\t\t\t\t<\/div>\n\t\t\t\t<\/div>\n\t\t\t\t\t<\/div>\n\t\t\t\t<\/div>\n\t\t<div data-particle_enable=\"false\" data-particle-mobile-disabled=\"false\" class=\"elementor-element elementor-element-2befbb48 e-flex e-con-boxed e-con e-parent\" data-id=\"2befbb48\" data-element_type=\"container\" data-e-type=\"container\" data-settings=\"{&quot;background_background&quot;:&quot;classic&quot;}\">\n\t\t\t\t\t<div class=\"e-con-inner\">\n\t\t<div data-particle_enable=\"false\" data-particle-mobile-disabled=\"false\" class=\"elementor-element elementor-element-521fa8c2 e-con-full e-flex e-con e-child\" data-id=\"521fa8c2\" data-element_type=\"container\" data-e-type=\"container\">\n\t\t\t\t<div class=\"elementor-element elementor-element-732cac54 elementor-widget elementor-widget-heading\" data-id=\"732cac54\" data-element_type=\"widget\" data-e-type=\"widget\" data-widget_type=\"heading.default\">\n\t\t\t\t<div class=\"elementor-widget-container\">\n\t\t\t\t\t<h2 class=\"elementor-heading-title elementor-size-default\">Qual \u00e9 a diferen\u00e7a entre QUANTEC\u00ae e AXXYXX?<\/h2>\t\t\t\t<\/div>\n\t\t\t\t<\/div>\n\t\t\t\t<div class=\"elementor-element elementor-element-2fe8f41 elementor-widget elementor-widget-text-editor\" data-id=\"2fe8f41\" data-element_type=\"widget\" data-e-type=\"widget\" data-widget_type=\"text-editor.default\">\n\t\t\t\t<div class=\"elementor-widget-container\">\n\t\t\t\t\t\t\t\t\t<p>N\u00e3o h\u00e1 diferen\u00e7as entre QUANTEC<span class=\"s1\">\u00ae<\/span> PRO e AXXYXX PRO. Ambos os dispositivos com seu software s\u00e3o completamente id\u00eanticos &#8211; a \u00fanica diferen\u00e7a \u00e9 o nome.<\/p>\n<p>O mesmo se aplica, \u00e9 claro, \u00e0 QUANTEC<span class=\"s1\">\u00ae<\/span> MED e SPA e \u00e0 AXXYXX MED e SPA.<\/p>\n\t\t\t\t\t\t\t\t<\/div>\n\t\t\t\t<\/div>\n\t\t\t\t<\/div>\n\t\t<div data-particle_enable=\"false\" data-particle-mobile-disabled=\"false\" class=\"elementor-element elementor-element-e8ec177 e-con-full e-flex e-con e-child\" data-id=\"e8ec177\" data-element_type=\"container\" data-e-type=\"container\">\n\t\t\t\t<div class=\"elementor-element elementor-element-7d87e33 elementor-widget elementor-widget-image\" data-id=\"7d87e33\" data-element_type=\"widget\" data-e-type=\"widget\" data-widget_type=\"image.default\">\n\t\t\t\t<div class=\"elementor-widget-container\">\n\t\t\t\t\t\t\t\t\t\t\t\t\t\t\t<img fetchpriority=\"high\" decoding=\"async\" width=\"297\" height=\"191\" src=\"https:\/\/quantec.eu\/wp-content\/uploads\/2024\/02\/logo.jpg\" class=\"attachment-full size-full wp-image-2415\" alt=\"\" \/>\t\t\t\t\t\t\t\t\t\t\t\t\t\t\t<\/div>\n\t\t\t\t<\/div>\n\t\t\t\t<\/div>\n\t\t\t\t\t<\/div>\n\t\t\t\t<\/div>\n\t\t<div data-particle_enable=\"false\" data-particle-mobile-disabled=\"false\" class=\"elementor-element elementor-element-123b86fd e-flex e-con-boxed e-con e-parent\" data-id=\"123b86fd\" data-element_type=\"container\" data-e-type=\"container\" data-settings=\"{&quot;background_background&quot;:&quot;classic&quot;}\">\n\t\t\t\t\t<div class=\"e-con-inner\">\n\t\t<div data-particle_enable=\"false\" data-particle-mobile-disabled=\"false\" class=\"elementor-element elementor-element-f37ca70 e-con-full e-flex e-con e-child\" data-id=\"f37ca70\" data-element_type=\"container\" data-e-type=\"container\">\n\t\t\t\t<div class=\"elementor-element elementor-element-c29875c elementor-widget elementor-widget-image\" data-id=\"c29875c\" data-element_type=\"widget\" data-e-type=\"widget\" data-widget_type=\"image.default\">\n\t\t\t\t<div class=\"elementor-widget-container\">\n\t\t\t\t\t\t\t\t\t\t\t\t\t\t\t<img decoding=\"async\" width=\"300\" height=\"165\" src=\"https:\/\/quantec.eu\/wp-content\/uploads\/2024\/04\/Logo-AXXYXX-klein.jpg\" class=\"attachment-full size-full wp-image-2906\" alt=\"\" \/>\t\t\t\t\t\t\t\t\t\t\t\t\t\t\t<\/div>\n\t\t\t\t<\/div>\n\t\t\t\t<\/div>\n\t\t<div data-particle_enable=\"false\" data-particle-mobile-disabled=\"false\" class=\"elementor-element elementor-element-1944d505 e-con-full e-flex e-con e-child\" data-id=\"1944d505\" data-element_type=\"container\" data-e-type=\"container\">\n\t\t\t\t<div class=\"elementor-element elementor-element-79b52a43 elementor-widget elementor-widget-heading\" data-id=\"79b52a43\" data-element_type=\"widget\" data-e-type=\"widget\" data-widget_type=\"heading.default\">\n\t\t\t\t<div class=\"elementor-widget-container\">\n\t\t\t\t\t<h2 class=\"elementor-heading-title elementor-size-default\">Quem \u00e9 o fabricante dos dispositivos AXXYXX?<\/h2>\t\t\t\t<\/div>\n\t\t\t\t<\/div>\n\t\t\t\t<div class=\"elementor-element elementor-element-5465ad4 elementor-widget elementor-widget-text-editor\" data-id=\"5465ad4\" data-element_type=\"widget\" data-e-type=\"widget\" data-widget_type=\"text-editor.default\">\n\t\t\t\t<div class=\"elementor-widget-container\">\n\t\t\t\t\t\t\t\t\t<div class=\"fl-row fl-row-fixed-width fl-row-bg-color fl-node-609e20c07985a fl-row-default-height fl-row-align-center\" data-node=\"609e20c07985a\">\n<div class=\"fl-row-content-wrap\">\n<div class=\"fl-row-content fl-row-fixed-width fl-node-content\">\n<div class=\"fl-col-group fl-node-609e20c07985b\" data-node=\"609e20c07985b\">\n<div class=\"fl-col fl-node-609e20c07985d\" data-node=\"609e20c07985d\">\n<div class=\"fl-col-content fl-node-content\">\n<div class=\"fl-module fl-module-rich-text fl-node-609e20c079865\" data-node=\"609e20c079865\">\n<div class=\"fl-module-content fl-node-content\">\n<div class=\"fl-rich-text\">\n<p>Assim como com os dispositivos QUANTEC<span class=\"s1\">\u00ae<\/span>, o fabricante \u00e9 a QUANTEC<span class=\"s1\">\u00ae<\/span> GmbH.<\/p>\n<\/div>\n<\/div>\n<\/div>\n<\/div>\n<\/div>\n<\/div>\n<\/div>\n<\/div>\n<\/div>\n\t\t\t\t\t\t\t\t<\/div>\n\t\t\t\t<\/div>\n\t\t\t\t<\/div>\n\t\t\t\t\t<\/div>\n\t\t\t\t<\/div>\n\t\t<div data-particle_enable=\"false\" data-particle-mobile-disabled=\"false\" class=\"elementor-element elementor-element-46f16e5 e-flex e-con-boxed e-con e-parent\" data-id=\"46f16e5\" data-element_type=\"container\" data-e-type=\"container\" data-settings=\"{&quot;background_background&quot;:&quot;classic&quot;}\">\n\t\t\t\t\t<div class=\"e-con-inner\">\n\t\t<div data-particle_enable=\"false\" data-particle-mobile-disabled=\"false\" class=\"elementor-element elementor-element-262157a e-con-full e-flex e-con e-child\" data-id=\"262157a\" data-element_type=\"container\" data-e-type=\"container\">\n\t\t\t\t<div class=\"elementor-element elementor-element-aee3d23 elementor-widget elementor-widget-heading\" data-id=\"aee3d23\" data-element_type=\"widget\" data-e-type=\"widget\" data-widget_type=\"heading.default\">\n\t\t\t\t<div class=\"elementor-widget-container\">\n\t\t\t\t\t<h2 class=\"elementor-heading-title elementor-size-default\">CONTATO<\/h2>\t\t\t\t<\/div>\n\t\t\t\t<\/div>\n\t\t\t\t<div class=\"elementor-element elementor-element-076c947 elementor-widget elementor-widget-text-editor\" data-id=\"076c947\" data-element_type=\"widget\" data-e-type=\"widget\" data-widget_type=\"text-editor.default\">\n\t\t\t\t<div class=\"elementor-widget-container\">\n\t\t\t\t\t\t\t\t\t<p>QUANTEC<span class=\"s1\">\u00ae<\/span> GmbH<br \/>\nPixisstra\u00dfe 2A<br \/>\nD-81679 M\u00fcnchen<\/p>\n<p>telefone: <a href=\"tel:+498104629088\">+49 (0)8104 &#8211; 62 90 88<\/a><br \/>\ne-mail: <a href=\"mailto:info@quantec.eu\">info@quantec.eu<\/a><\/p>\n<p><strong>Entre em contato conosco &#8211; teremos o prazer de inform\u00e1-lo!<\/strong><\/p>\n\t\t\t\t\t\t\t\t<\/div>\n\t\t\t\t<\/div>\n\t\t\t\t<\/div>\n\t\t<div data-particle_enable=\"false\" data-particle-mobile-disabled=\"false\" class=\"elementor-element elementor-element-e816a68 e-con-full e-flex e-con e-child\" data-id=\"e816a68\" data-element_type=\"container\" data-e-type=\"container\">\n\t\t\t\t<div class=\"elementor-element elementor-element-a2da529 elementor-widget elementor-widget-image\" data-id=\"a2da529\" data-element_type=\"widget\" data-e-type=\"widget\" data-widget_type=\"image.default\">\n\t\t\t\t<div class=\"elementor-widget-container\">\n\t\t\t\t\t\t\t\t\t\t\t\t\t\t\t<img decoding=\"async\" width=\"800\" height=\"548\" src=\"https:\/\/quantec.eu\/wp-content\/uploads\/2024\/02\/teaserbox_4280362-1.jpg\" class=\"attachment-full size-full wp-image-2577\" alt=\"\" srcset=\"https:\/\/quantec.eu\/wp-content\/uploads\/2024\/02\/teaserbox_4280362-1.jpg 800w, https:\/\/quantec.eu\/wp-content\/uploads\/2024\/02\/teaserbox_4280362-1-300x206.jpg 300w, https:\/\/quantec.eu\/wp-content\/uploads\/2024\/02\/teaserbox_4280362-1-768x526.jpg 768w\" sizes=\"(max-width: 800px) 100vw, 800px\" \/>\t\t\t\t\t\t\t\t\t\t\t\t\t\t\t<\/div>\n\t\t\t\t<\/div>\n\t\t\t\t<\/div>\n\t\t\t\t\t<\/div>\n\t\t\t\t<\/div>\n\t\t\t\t<\/div>\n\t\t","protected":false},"excerpt":{"rendered":"<p>AXXYXX O que \u00e9 AXXYXX? Em todo o mundo, nossos dispositivos se tornaram conhecidos como &#8220;QUANTEC\u00ae&#8221;. Somente nos EUA, Canad\u00e1 e Jap\u00e3o nosso nome &#8220;QUANTEC\u00ae&#8221; j\u00e1 havia sido registrado como marca registrada por outras empresas antes. Portanto, nossos dispositivos n\u00e3o podem ser vendidos com este nome nestes pa\u00edses. Nossos dispositivos s\u00e3o oferecidos l\u00e1 como &#8220;AXXYXX&#8221;. [&hellip;]<\/p>\n","protected":false},"author":1,"featured_media":0,"parent":0,"menu_order":1,"comment_status":"closed","ping_status":"closed","template":"elementor_header_footer","meta":{"footnotes":""},"class_list":["post-4150","page","type-page","status-publish","hentry"],"yoast_head":"<!-- This site is optimized with the Yoast SEO plugin v27.3 - https:\/\/yoast.com\/product\/yoast-seo-wordpress\/ -->\n<title>AXXYXX - Quantec GmbH<\/title>\n<meta name=\"robots\" content=\"index, follow, max-snippet:-1, max-image-preview:large, max-video-preview:-1\" \/>\n<link rel=\"canonical\" href=\"https:\/\/quantec.eu\/pt-pt\/axxyxx\/\" \/>\n<meta property=\"og:locale\" content=\"pt_PT\" \/>\n<meta property=\"og:type\" content=\"article\" \/>\n<meta property=\"og:title\" content=\"AXXYXX - Quantec GmbH\" \/>\n<meta property=\"og:description\" content=\"AXXYXX O que \u00e9 AXXYXX? Em todo o mundo, nossos dispositivos se tornaram conhecidos como &#8220;QUANTEC\u00ae&#8221;. Somente nos EUA, Canad\u00e1 e Jap\u00e3o nosso nome &#8220;QUANTEC\u00ae&#8221; j\u00e1 havia sido registrado como marca registrada por outras empresas antes. Portanto, nossos dispositivos n\u00e3o podem ser vendidos com este nome nestes pa\u00edses. Nossos dispositivos s\u00e3o oferecidos l\u00e1 como &#8220;AXXYXX&#8221;. [&hellip;]\" \/>\n<meta property=\"og:url\" content=\"https:\/\/quantec.eu\/pt-pt\/axxyxx\/\" \/>\n<meta property=\"og:site_name\" content=\"Quantec GmbH\" \/>\n<meta property=\"article:modified_time\" content=\"2025-01-09T14:31:24+00:00\" \/>\n<meta property=\"og:image\" content=\"https:\/\/quantec.eu\/wp-content\/uploads\/2024\/04\/Logo-AXXYXX-klein.jpg\" \/>\n\t<meta property=\"og:image:width\" content=\"300\" \/>\n\t<meta property=\"og:image:height\" content=\"165\" \/>\n\t<meta property=\"og:image:type\" content=\"image\/jpeg\" \/>\n<meta name=\"twitter:card\" content=\"summary_large_image\" \/>\n<meta name=\"twitter:label1\" content=\"Tempo estimado de leitura\" \/>\n\t<meta name=\"twitter:data1\" content=\"1 minuto\" \/>\n<script type=\"application\/ld+json\" class=\"yoast-schema-graph\">{\"@context\":\"https:\\\/\\\/schema.org\",\"@graph\":[{\"@type\":\"WebPage\",\"@id\":\"https:\\\/\\\/quantec.eu\\\/pt-pt\\\/axxyxx\\\/\",\"url\":\"https:\\\/\\\/quantec.eu\\\/pt-pt\\\/axxyxx\\\/\",\"name\":\"AXXYXX - Quantec GmbH\",\"isPartOf\":{\"@id\":\"https:\\\/\\\/quantec.eu\\\/pt-pt\\\/#website\"},\"primaryImageOfPage\":{\"@id\":\"https:\\\/\\\/quantec.eu\\\/pt-pt\\\/axxyxx\\\/#primaryimage\"},\"image\":{\"@id\":\"https:\\\/\\\/quantec.eu\\\/pt-pt\\\/axxyxx\\\/#primaryimage\"},\"thumbnailUrl\":\"https:\\\/\\\/quantec.eu\\\/wp-content\\\/uploads\\\/2024\\\/04\\\/Logo-AXXYXX-klein.jpg\",\"datePublished\":\"2024-04-10T08:50:08+00:00\",\"dateModified\":\"2025-01-09T14:31:24+00:00\",\"breadcrumb\":{\"@id\":\"https:\\\/\\\/quantec.eu\\\/pt-pt\\\/axxyxx\\\/#breadcrumb\"},\"inLanguage\":\"pt-PT\",\"potentialAction\":[{\"@type\":\"ReadAction\",\"target\":[\"https:\\\/\\\/quantec.eu\\\/pt-pt\\\/axxyxx\\\/\"]}]},{\"@type\":\"ImageObject\",\"inLanguage\":\"pt-PT\",\"@id\":\"https:\\\/\\\/quantec.eu\\\/pt-pt\\\/axxyxx\\\/#primaryimage\",\"url\":\"https:\\\/\\\/quantec.eu\\\/wp-content\\\/uploads\\\/2024\\\/04\\\/Logo-AXXYXX-klein.jpg\",\"contentUrl\":\"https:\\\/\\\/quantec.eu\\\/wp-content\\\/uploads\\\/2024\\\/04\\\/Logo-AXXYXX-klein.jpg\"},{\"@type\":\"BreadcrumbList\",\"@id\":\"https:\\\/\\\/quantec.eu\\\/pt-pt\\\/axxyxx\\\/#breadcrumb\",\"itemListElement\":[{\"@type\":\"ListItem\",\"position\":1,\"name\":\"Startseite\",\"item\":\"https:\\\/\\\/quantec.eu\\\/pt-pt\\\/\"},{\"@type\":\"ListItem\",\"position\":2,\"name\":\"axxyxx\"}]},{\"@type\":\"WebSite\",\"@id\":\"https:\\\/\\\/quantec.eu\\\/pt-pt\\\/#website\",\"url\":\"https:\\\/\\\/quantec.eu\\\/pt-pt\\\/\",\"name\":\"Quantec GmbH\",\"description\":\"INSTRUMENTELLE BIOKOMMUNIKATION\",\"potentialAction\":[{\"@type\":\"SearchAction\",\"target\":{\"@type\":\"EntryPoint\",\"urlTemplate\":\"https:\\\/\\\/quantec.eu\\\/pt-pt\\\/?s={search_term_string}\"},\"query-input\":{\"@type\":\"PropertyValueSpecification\",\"valueRequired\":true,\"valueName\":\"search_term_string\"}}],\"inLanguage\":\"pt-PT\"}]}<\/script>\n<!-- \/ Yoast SEO plugin. -->","yoast_head_json":{"title":"AXXYXX - Quantec GmbH","robots":{"index":"index","follow":"follow","max-snippet":"max-snippet:-1","max-image-preview":"max-image-preview:large","max-video-preview":"max-video-preview:-1"},"canonical":"https:\/\/quantec.eu\/pt-pt\/axxyxx\/","og_locale":"pt_PT","og_type":"article","og_title":"AXXYXX - Quantec GmbH","og_description":"AXXYXX O que \u00e9 AXXYXX? Em todo o mundo, nossos dispositivos se tornaram conhecidos como &#8220;QUANTEC\u00ae&#8221;. Somente nos EUA, Canad\u00e1 e Jap\u00e3o nosso nome &#8220;QUANTEC\u00ae&#8221; j\u00e1 havia sido registrado como marca registrada por outras empresas antes. Portanto, nossos dispositivos n\u00e3o podem ser vendidos com este nome nestes pa\u00edses. Nossos dispositivos s\u00e3o oferecidos l\u00e1 como &#8220;AXXYXX&#8221;. [&hellip;]","og_url":"https:\/\/quantec.eu\/pt-pt\/axxyxx\/","og_site_name":"Quantec GmbH","article_modified_time":"2025-01-09T14:31:24+00:00","og_image":[{"width":300,"height":165,"url":"https:\/\/quantec.eu\/wp-content\/uploads\/2024\/04\/Logo-AXXYXX-klein.jpg","type":"image\/jpeg"}],"twitter_card":"summary_large_image","twitter_misc":{"Tempo estimado de leitura":"1 minuto"},"schema":{"@context":"https:\/\/schema.org","@graph":[{"@type":"WebPage","@id":"https:\/\/quantec.eu\/pt-pt\/axxyxx\/","url":"https:\/\/quantec.eu\/pt-pt\/axxyxx\/","name":"AXXYXX - Quantec GmbH","isPartOf":{"@id":"https:\/\/quantec.eu\/pt-pt\/#website"},"primaryImageOfPage":{"@id":"https:\/\/quantec.eu\/pt-pt\/axxyxx\/#primaryimage"},"image":{"@id":"https:\/\/quantec.eu\/pt-pt\/axxyxx\/#primaryimage"},"thumbnailUrl":"https:\/\/quantec.eu\/wp-content\/uploads\/2024\/04\/Logo-AXXYXX-klein.jpg","datePublished":"2024-04-10T08:50:08+00:00","dateModified":"2025-01-09T14:31:24+00:00","breadcrumb":{"@id":"https:\/\/quantec.eu\/pt-pt\/axxyxx\/#breadcrumb"},"inLanguage":"pt-PT","potentialAction":[{"@type":"ReadAction","target":["https:\/\/quantec.eu\/pt-pt\/axxyxx\/"]}]},{"@type":"ImageObject","inLanguage":"pt-PT","@id":"https:\/\/quantec.eu\/pt-pt\/axxyxx\/#primaryimage","url":"https:\/\/quantec.eu\/wp-content\/uploads\/2024\/04\/Logo-AXXYXX-klein.jpg","contentUrl":"https:\/\/quantec.eu\/wp-content\/uploads\/2024\/04\/Logo-AXXYXX-klein.jpg"},{"@type":"BreadcrumbList","@id":"https:\/\/quantec.eu\/pt-pt\/axxyxx\/#breadcrumb","itemListElement":[{"@type":"ListItem","position":1,"name":"Startseite","item":"https:\/\/quantec.eu\/pt-pt\/"},{"@type":"ListItem","position":2,"name":"axxyxx"}]},{"@type":"WebSite","@id":"https:\/\/quantec.eu\/pt-pt\/#website","url":"https:\/\/quantec.eu\/pt-pt\/","name":"Quantec GmbH","description":"INSTRUMENTELLE BIOKOMMUNIKATION","potentialAction":[{"@type":"SearchAction","target":{"@type":"EntryPoint","urlTemplate":"https:\/\/quantec.eu\/pt-pt\/?s={search_term_string}"},"query-input":{"@type":"PropertyValueSpecification","valueRequired":true,"valueName":"search_term_string"}}],"inLanguage":"pt-PT"}]}},"_links":{"self":[{"href":"https:\/\/quantec.eu\/pt-pt\/wp-json\/wp\/v2\/pages\/4150","targetHints":{"allow":["GET"]}}],"collection":[{"href":"https:\/\/quantec.eu\/pt-pt\/wp-json\/wp\/v2\/pages"}],"about":[{"href":"https:\/\/quantec.eu\/pt-pt\/wp-json\/wp\/v2\/types\/page"}],"author":[{"embeddable":true,"href":"https:\/\/quantec.eu\/pt-pt\/wp-json\/wp\/v2\/users\/1"}],"replies":[{"embeddable":true,"href":"https:\/\/quantec.eu\/pt-pt\/wp-json\/wp\/v2\/comments?post=4150"}],"version-history":[{"count":2,"href":"https:\/\/quantec.eu\/pt-pt\/wp-json\/wp\/v2\/pages\/4150\/revisions"}],"predecessor-version":[{"id":9129,"href":"https:\/\/quantec.eu\/pt-pt\/wp-json\/wp\/v2\/pages\/4150\/revisions\/9129"}],"wp:attachment":[{"href":"https:\/\/quantec.eu\/pt-pt\/wp-json\/wp\/v2\/media?parent=4150"}],"curies":[{"name":"wp","href":"https:\/\/api.w.org\/{rel}","templated":true}]}}