{"id":8212,"date":"2024-07-16T09:02:55","date_gmt":"2024-07-16T07:02:55","guid":{"rendered":"https:\/\/quantec.eu\/quantec-pro\/campos-aplicacion\/bionica-pro\/ejemplos\/"},"modified":"2024-08-21T11:15:28","modified_gmt":"2024-08-21T09:15:28","slug":"ejemplos","status":"publish","type":"page","link":"https:\/\/quantec.eu\/es\/quantec-pro\/campos-aplicacion\/bionica-pro\/ejemplos\/","title":{"rendered":"Ejemplos"},"content":{"rendered":"\t\t<div data-elementor-type=\"wp-page\" data-elementor-id=\"8212\" class=\"elementor elementor-8212 elementor-3136\" data-elementor-post-type=\"page\">\n\t\t\t\t<div data-particle_enable=\"false\" data-particle-mobile-disabled=\"false\" class=\"elementor-element elementor-element-7b8a26c e-flex e-con-boxed e-con e-parent\" data-id=\"7b8a26c\" data-element_type=\"container\" data-e-type=\"container\" data-settings=\"{&quot;background_background&quot;:&quot;classic&quot;}\">\n\t\t\t\t\t<div class=\"e-con-inner\">\n\t\t<div data-particle_enable=\"false\" data-particle-mobile-disabled=\"false\" class=\"elementor-element elementor-element-c502b1e e-con-full e-flex e-con e-child\" data-id=\"c502b1e\" data-element_type=\"container\" data-e-type=\"container\">\n\t\t\t\t<div class=\"elementor-element elementor-element-ea1912d elementor-widget elementor-widget-heading\" data-id=\"ea1912d\" data-element_type=\"widget\" data-e-type=\"widget\" data-widget_type=\"heading.default\">\n\t\t\t\t<div class=\"elementor-widget-container\">\n\t\t\t\t\t<h1 class=\"elementor-heading-title elementor-size-default\">Ejemplos interesantes<\/h1>\t\t\t\t<\/div>\n\t\t\t\t<\/div>\n\t\t\t\t<\/div>\n\t\t\t\t\t<\/div>\n\t\t\t\t<\/div>\n\t\t<div data-particle_enable=\"false\" data-particle-mobile-disabled=\"false\" class=\"elementor-element elementor-element-cb40d85 e-flex e-con-boxed e-con e-parent\" data-id=\"cb40d85\" data-element_type=\"container\" data-e-type=\"container\" data-settings=\"{&quot;background_background&quot;:&quot;classic&quot;}\">\n\t\t\t\t\t<div class=\"e-con-inner\">\n\t\t<div data-particle_enable=\"false\" data-particle-mobile-disabled=\"false\" class=\"elementor-element elementor-element-64cc31b e-con-full e-flex e-con e-child\" data-id=\"64cc31b\" data-element_type=\"container\" data-e-type=\"container\">\n\t\t\t\t<div class=\"elementor-element elementor-element-8286b72 elementor-widget elementor-widget-image\" data-id=\"8286b72\" data-element_type=\"widget\" data-e-type=\"widget\" data-widget_type=\"image.default\">\n\t\t\t\t<div class=\"elementor-widget-container\">\n\t\t\t\t\t\t\t\t\t\t\t\t\t\t\t<img fetchpriority=\"high\" decoding=\"async\" width=\"504\" height=\"334\" src=\"https:\/\/quantec.eu\/wp-content\/uploads\/2024\/04\/Olivenbaum.jpg\" class=\"attachment-full size-full wp-image-3146\" alt=\"\" srcset=\"https:\/\/quantec.eu\/wp-content\/uploads\/2024\/04\/Olivenbaum.jpg 504w, https:\/\/quantec.eu\/wp-content\/uploads\/2024\/04\/Olivenbaum-300x199.jpg 300w\" sizes=\"(max-width: 504px) 100vw, 504px\" \/>\t\t\t\t\t\t\t\t\t\t\t\t\t\t\t<\/div>\n\t\t\t\t<\/div>\n\t\t\t\t<\/div>\n\t\t<div data-particle_enable=\"false\" data-particle-mobile-disabled=\"false\" class=\"elementor-element elementor-element-e5f3cbe e-con-full e-flex e-con e-child\" data-id=\"e5f3cbe\" data-element_type=\"container\" data-e-type=\"container\">\n\t\t\t\t<div class=\"elementor-element elementor-element-69e8127 elementor-widget elementor-widget-heading\" data-id=\"69e8127\" data-element_type=\"widget\" data-e-type=\"widget\" data-widget_type=\"heading.default\">\n\t\t\t\t<div class=\"elementor-widget-container\">\n\t\t\t\t\t<h2 class=\"elementor-heading-title elementor-size-default\">Sorprendente . .<\/h2>\t\t\t\t<\/div>\n\t\t\t\t<\/div>\n\t\t\t\t<div class=\"elementor-element elementor-element-8963123 elementor-widget elementor-widget-text-editor\" data-id=\"8963123\" data-element_type=\"widget\" data-e-type=\"widget\" data-widget_type=\"text-editor.default\">\n\t\t\t\t<div class=\"elementor-widget-container\">\n\t\t\t\t\t\t\t\t\t<p>\u00bfSab\u00eda que en Australia hay \u00e1rboles selv\u00e1ticos cuyos <a href=\"https:\/\/quantec.eu\/wp-content\/uploads\/2024\/07\/BLUSHWOOD.pdf\" target=\"_blank\" rel=\"noopener\">frutos eliminan tumores en muy poco tiempo<\/a>? \u00bfHa o\u00eddo hablar de la <a href=\"https:\/\/quantec.eu\/wp-content\/uploads\/2024\/07\/GRAVIOLA.pdf\" target=\"_blank\" rel=\"noopener\">graviola<\/a>? \u00bfSab\u00edas que los olivos pueden transmitirnos parte de su <a href=\"https:\/\/quantec.eu\/wp-content\/uploads\/2024\/07\/OLIVA.pdf\" target=\"_blank\" rel=\"noopener\">estrategia para vivir mil a\u00f1os<\/a> comiendo aceitunas?<\/p>\n\t\t\t\t\t\t\t\t<\/div>\n\t\t\t\t<\/div>\n\t\t\t\t<\/div>\n\t\t\t\t\t<\/div>\n\t\t\t\t<\/div>\n\t\t<div data-particle_enable=\"false\" data-particle-mobile-disabled=\"false\" class=\"elementor-element elementor-element-bbe3a6b e-flex e-con-boxed e-con e-parent\" data-id=\"bbe3a6b\" data-element_type=\"container\" data-e-type=\"container\" data-settings=\"{&quot;background_background&quot;:&quot;classic&quot;}\">\n\t\t\t\t\t<div class=\"e-con-inner\">\n\t\t<div data-particle_enable=\"false\" data-particle-mobile-disabled=\"false\" class=\"elementor-element elementor-element-36a0a85 e-con-full e-flex e-con e-child\" data-id=\"36a0a85\" data-element_type=\"container\" data-e-type=\"container\">\n\t\t\t\t<div class=\"elementor-element elementor-element-5aaf6e3 elementor-widget elementor-widget-heading\" data-id=\"5aaf6e3\" data-element_type=\"widget\" data-e-type=\"widget\" data-widget_type=\"heading.default\">\n\t\t\t\t<div class=\"elementor-widget-container\">\n\t\t\t\t\t<h2 class=\"elementor-heading-title elementor-size-default\">Premio Nobel para un fitof\u00e1rmaco<\/h2>\t\t\t\t<\/div>\n\t\t\t\t<\/div>\n\t\t\t\t<div class=\"elementor-element elementor-element-6643fa4 elementor-widget elementor-widget-text-editor\" data-id=\"6643fa4\" data-element_type=\"widget\" data-e-type=\"widget\" data-widget_type=\"text-editor.default\">\n\t\t\t\t<div class=\"elementor-widget-container\">\n\t\t\t\t\t\t\t\t\t<p>La china Youyou Tu recibi\u00f3 el Premio Nobel en 2015 por un fitomedicamento contra la malaria (artemisa anual). Ahora se ha descubierto que <a href=\"https:\/\/quantec.eu\/wp-content\/uploads\/2024\/07\/ARTEMISA.pdf\" rel=\"noopener\" target=\"_blank\" data-mce-href=\"https:\/\/quantec.eu\/wp-content\/uploads\/2024\/07\/ARTEMISA.pdf\">la artemisa tambi\u00e9n puede combatir tumores<\/a>.<\/p>\n\t\t\t\t\t\t\t\t<\/div>\n\t\t\t\t<\/div>\n\t\t\t\t<\/div>\n\t\t<div data-particle_enable=\"false\" data-particle-mobile-disabled=\"false\" class=\"elementor-element elementor-element-2fc668d e-con-full e-flex e-con e-child\" data-id=\"2fc668d\" data-element_type=\"container\" data-e-type=\"container\">\n\t\t\t\t<div class=\"elementor-element elementor-element-0fc215d elementor-widget elementor-widget-image\" data-id=\"0fc215d\" data-element_type=\"widget\" data-e-type=\"widget\" data-widget_type=\"image.default\">\n\t\t\t\t<div class=\"elementor-widget-container\">\n\t\t\t\t\t\t\t\t\t\t\t\t\t\t\t<img decoding=\"async\" width=\"400\" height=\"237\" src=\"https:\/\/quantec.eu\/wp-content\/uploads\/2024\/04\/Beifuss_kleiner.jpg\" class=\"attachment-full size-full wp-image-3155\" alt=\"\" srcset=\"https:\/\/quantec.eu\/wp-content\/uploads\/2024\/04\/Beifuss_kleiner.jpg 400w, https:\/\/quantec.eu\/wp-content\/uploads\/2024\/04\/Beifuss_kleiner-300x178.jpg 300w\" sizes=\"(max-width: 400px) 100vw, 400px\" \/>\t\t\t\t\t\t\t\t\t\t\t\t\t\t\t<\/div>\n\t\t\t\t<\/div>\n\t\t\t\t<\/div>\n\t\t\t\t\t<\/div>\n\t\t\t\t<\/div>\n\t\t<div data-particle_enable=\"false\" data-particle-mobile-disabled=\"false\" class=\"elementor-element elementor-element-4be9715 e-flex e-con-boxed e-con e-parent\" data-id=\"4be9715\" data-element_type=\"container\" data-e-type=\"container\" data-settings=\"{&quot;background_background&quot;:&quot;classic&quot;}\">\n\t\t\t\t\t<div class=\"e-con-inner\">\n\t\t<div data-particle_enable=\"false\" data-particle-mobile-disabled=\"false\" class=\"elementor-element elementor-element-7309cff e-con-full e-flex e-con e-child\" data-id=\"7309cff\" data-element_type=\"container\" data-e-type=\"container\">\n\t\t\t\t<div class=\"elementor-element elementor-element-567066d elementor-widget elementor-widget-image\" data-id=\"567066d\" data-element_type=\"widget\" data-e-type=\"widget\" data-widget_type=\"image.default\">\n\t\t\t\t<div class=\"elementor-widget-container\">\n\t\t\t\t\t\t\t\t\t\t\t\t\t\t\t<img decoding=\"async\" width=\"456\" height=\"294\" src=\"https:\/\/quantec.eu\/wp-content\/uploads\/2024\/04\/Nuesse.jpg\" class=\"attachment-full size-full wp-image-3164\" alt=\"\" srcset=\"https:\/\/quantec.eu\/wp-content\/uploads\/2024\/04\/Nuesse.jpg 456w, https:\/\/quantec.eu\/wp-content\/uploads\/2024\/04\/Nuesse-300x193.jpg 300w\" sizes=\"(max-width: 456px) 100vw, 456px\" \/>\t\t\t\t\t\t\t\t\t\t\t\t\t\t\t<\/div>\n\t\t\t\t<\/div>\n\t\t\t\t<\/div>\n\t\t<div data-particle_enable=\"false\" data-particle-mobile-disabled=\"false\" class=\"elementor-element elementor-element-a095fd0 e-con-full e-flex e-con e-child\" data-id=\"a095fd0\" data-element_type=\"container\" data-e-type=\"container\">\n\t\t\t\t<div class=\"elementor-element elementor-element-80e6e51 elementor-widget elementor-widget-heading\" data-id=\"80e6e51\" data-element_type=\"widget\" data-e-type=\"widget\" data-widget_type=\"heading.default\">\n\t\t\t\t<div class=\"elementor-widget-container\">\n\t\t\t\t\t<h2 class=\"elementor-heading-title elementor-size-default\">Un estudio con 120.000 personas (!)<\/h2>\t\t\t\t<\/div>\n\t\t\t\t<\/div>\n\t\t\t\t<div class=\"elementor-element elementor-element-0766f05 elementor-widget elementor-widget-text-editor\" data-id=\"0766f05\" data-element_type=\"widget\" data-e-type=\"widget\" data-widget_type=\"text-editor.default\">\n\t\t\t\t<div class=\"elementor-widget-container\">\n\t\t\t\t\t\t\t\t\t<p>Un estudio en el que participaron 120.000 personas arroj\u00f3 un resultado inesperadamente claro:<\/p>\n<p><a href=\"https:\/\/quantec.eu\/wp-content\/uploads\/2024\/07\/NUECES.pdf\" rel=\"noopener\" target=\"_blank\" data-mce-href=\"https:\/\/quantec.eu\/wp-content\/uploads\/2024\/07\/NUECES.pdf\">Los frutos secos prolongan la vida y mejoran significativamente la salud en la vejez.<\/a><br data-mce-bogus=\"1\"><\/p>\n\t\t\t\t\t\t\t\t<\/div>\n\t\t\t\t<\/div>\n\t\t\t\t<\/div>\n\t\t\t\t\t<\/div>\n\t\t\t\t<\/div>\n\t\t<div data-particle_enable=\"false\" data-particle-mobile-disabled=\"false\" class=\"elementor-element elementor-element-8179a6c e-flex e-con-boxed e-con e-parent\" data-id=\"8179a6c\" data-element_type=\"container\" data-e-type=\"container\" data-settings=\"{&quot;background_background&quot;:&quot;classic&quot;}\">\n\t\t\t\t\t<div class=\"e-con-inner\">\n\t\t<div data-particle_enable=\"false\" data-particle-mobile-disabled=\"false\" class=\"elementor-element elementor-element-bab849b e-con-full e-flex e-con e-child\" data-id=\"bab849b\" data-element_type=\"container\" data-e-type=\"container\">\n\t\t\t\t<div class=\"elementor-element elementor-element-ffb9b58 elementor-widget elementor-widget-heading\" data-id=\"ffb9b58\" data-element_type=\"widget\" data-e-type=\"widget\" data-widget_type=\"heading.default\">\n\t\t\t\t<div class=\"elementor-widget-container\">\n\t\t\t\t\t<h2 class=\"elementor-heading-title elementor-size-default\">Ciencia, situaci\u00f3n actual<\/h2>\t\t\t\t<\/div>\n\t\t\t\t<\/div>\n\t\t\t\t<div class=\"elementor-element elementor-element-173258a elementor-widget elementor-widget-text-editor\" data-id=\"173258a\" data-element_type=\"widget\" data-e-type=\"widget\" data-widget_type=\"text-editor.default\">\n\t\t\t\t<div class=\"elementor-widget-container\">\n\t\t\t\t\t\t\t\t\t<p>En los \u00faltimos a\u00f1os ha sido posible aislar una serie de factores y sustancias activas que ejercen una influencia desconocida hasta ahora, pero significativa, en los procesos de salud y envejecimiento de los seres humanos.<\/p>\n<p>Un ejemplo: el gen de la longevidad FoxO3<\/p>\n<p>Los investigadores de la Universidad de Kiel han podido identificar <a href=\"https:\/\/quantec.eu\/wp-content\/uploads\/2024\/07\/FoxO_1.pdf\" rel=\"noopener\" target=\"_blank\" data-mce-href=\"https:\/\/quantec.eu\/wp-content\/uploads\/2024\/07\/FoxO_1.pdf\">un gen de la longevidad en los seres humanos<\/a> que nos permite envejecer con buena salud y vigor. Este gen s\u00f3lo est\u00e1 activo en unas pocas personas desde el nacimiento, pero los investigadores han encontrado ahora la forma de activarlo en personas en las que estaba desactivado.<\/p>\n\t\t\t\t\t\t\t\t<\/div>\n\t\t\t\t<\/div>\n\t\t\t\t<\/div>\n\t\t<div data-particle_enable=\"false\" data-particle-mobile-disabled=\"false\" class=\"elementor-element elementor-element-ce0f484 e-con-full e-flex e-con e-child\" data-id=\"ce0f484\" data-element_type=\"container\" data-e-type=\"container\">\n\t\t\t\t<div class=\"elementor-element elementor-element-77b5535 elementor-widget elementor-widget-image\" data-id=\"77b5535\" data-element_type=\"widget\" data-e-type=\"widget\" data-widget_type=\"image.default\">\n\t\t\t\t<div class=\"elementor-widget-container\">\n\t\t\t\t\t\t\t\t\t\t\t\t\t\t\t<img loading=\"lazy\" decoding=\"async\" width=\"504\" height=\"336\" src=\"https:\/\/quantec.eu\/wp-content\/uploads\/2024\/04\/FAL_02_KLEIN.jpg\" class=\"attachment-full size-full wp-image-2686\" alt=\"\" srcset=\"https:\/\/quantec.eu\/wp-content\/uploads\/2024\/04\/FAL_02_KLEIN.jpg 504w, https:\/\/quantec.eu\/wp-content\/uploads\/2024\/04\/FAL_02_KLEIN-300x200.jpg 300w\" sizes=\"(max-width: 504px) 100vw, 504px\" \/>\t\t\t\t\t\t\t\t\t\t\t\t\t\t\t<\/div>\n\t\t\t\t<\/div>\n\t\t\t\t<\/div>\n\t\t\t\t\t<\/div>\n\t\t\t\t<\/div>\n\t\t<div data-particle_enable=\"false\" data-particle-mobile-disabled=\"false\" class=\"elementor-element elementor-element-6836b34 e-flex e-con-boxed e-con e-parent\" data-id=\"6836b34\" data-element_type=\"container\" data-e-type=\"container\" data-settings=\"{&quot;background_background&quot;:&quot;classic&quot;}\">\n\t\t\t\t\t<div class=\"e-con-inner\">\n\t\t<div data-particle_enable=\"false\" data-particle-mobile-disabled=\"false\" class=\"elementor-element elementor-element-370bae1 e-con-full e-flex e-con e-child\" data-id=\"370bae1\" data-element_type=\"container\" data-e-type=\"container\">\n\t\t\t\t<div class=\"elementor-element elementor-element-7d58f73 elementor-widget elementor-widget-text-editor\" data-id=\"7d58f73\" data-element_type=\"widget\" data-e-type=\"widget\" data-widget_type=\"text-editor.default\">\n\t\t\t\t<div class=\"elementor-widget-container\">\n\t\t\t\t\t\t\t\t\t<p>La lista podr\u00eda ser interminable: en la actualidad existe un n\u00famero casi incalculable de estudios de \u00e9xito sobre el tema de la nutrici\u00f3n espec\u00edfica.<\/p>\n<p>Ahora hemos puesto orden en esta confusi\u00f3n creando una base de datos en la que los alimentos que se han investigado est\u00e1n organizados seg\u00fan los principios activos y los patrones de enfermedad.<\/p>\n\t\t\t\t\t\t\t\t<\/div>\n\t\t\t\t<\/div>\n\t\t\t\t<div class=\"elementor-element elementor-element-baf9ea2 elementor-widget elementor-widget-button\" data-id=\"baf9ea2\" data-element_type=\"widget\" data-e-type=\"widget\" data-widget_type=\"button.default\">\n\t\t\t\t<div class=\"elementor-widget-container\">\n\t\t\t\t\t\t\t\t\t<div class=\"elementor-button-wrapper\">\n\t\t\t\t\t<a class=\"elementor-button elementor-button-link elementor-size-sm\" href=\"https:\/\/quantec.eu\/es\/quantec-pro\/campos-aplicacion\/bionica-pro\/\">\n\t\t\t\t\t\t<span class=\"elementor-button-content-wrapper\">\n\t\t\t\t\t\t\t\t\t<span class=\"elementor-button-text\">&lt;&lt;&lt; volver a la p\u00e1gina anterior<\/span>\n\t\t\t\t\t<\/span>\n\t\t\t\t\t<\/a>\n\t\t\t\t<\/div>\n\t\t\t\t\t\t\t\t<\/div>\n\t\t\t\t<\/div>\n\t\t\t\t<\/div>\n\t\t\t\t\t<\/div>\n\t\t\t\t<\/div>\n\t\t\t\t<\/div>\n\t\t","protected":false},"excerpt":{"rendered":"<p>Ejemplos interesantes Sorprendente . . \u00bfSab\u00eda que en Australia hay \u00e1rboles selv\u00e1ticos cuyos frutos eliminan tumores en muy poco tiempo? \u00bfHa o\u00eddo hablar de la graviola? \u00bfSab\u00edas que los olivos pueden transmitirnos parte de su estrategia para vivir mil a\u00f1os comiendo aceitunas? Premio Nobel para un fitof\u00e1rmaco La china Youyou Tu recibi\u00f3 el Premio Nobel [&hellip;]<\/p>\n","protected":false},"author":1,"featured_media":0,"parent":8192,"menu_order":0,"comment_status":"closed","ping_status":"closed","template":"elementor_header_footer","meta":{"footnotes":""},"class_list":["post-8212","page","type-page","status-publish","hentry"],"yoast_head":"<!-- This site is optimized with the Yoast SEO plugin v27.3 - https:\/\/yoast.com\/product\/yoast-seo-wordpress\/ -->\n<title>Ejemplos - Quantec GmbH<\/title>\n<meta name=\"robots\" content=\"index, follow, max-snippet:-1, max-image-preview:large, max-video-preview:-1\" \/>\n<link rel=\"canonical\" href=\"https:\/\/quantec.eu\/es\/quantec-pro\/campos-aplicacion\/bionica-pro\/ejemplos\/\" \/>\n<meta property=\"og:locale\" content=\"es_ES\" \/>\n<meta property=\"og:type\" content=\"article\" \/>\n<meta property=\"og:title\" content=\"Ejemplos - Quantec GmbH\" \/>\n<meta property=\"og:description\" content=\"Ejemplos interesantes Sorprendente . . \u00bfSab\u00eda que en Australia hay \u00e1rboles selv\u00e1ticos cuyos frutos eliminan tumores en muy poco tiempo? \u00bfHa o\u00eddo hablar de la graviola? \u00bfSab\u00edas que los olivos pueden transmitirnos parte de su estrategia para vivir mil a\u00f1os comiendo aceitunas? Premio Nobel para un fitof\u00e1rmaco La china Youyou Tu recibi\u00f3 el Premio Nobel [&hellip;]\" \/>\n<meta property=\"og:url\" content=\"https:\/\/quantec.eu\/es\/quantec-pro\/campos-aplicacion\/bionica-pro\/ejemplos\/\" \/>\n<meta property=\"og:site_name\" content=\"Quantec GmbH\" \/>\n<meta property=\"article:modified_time\" content=\"2024-08-21T09:15:28+00:00\" \/>\n<meta property=\"og:image\" content=\"https:\/\/quantec.eu\/wp-content\/uploads\/2024\/04\/Olivenbaum.jpg\" \/>\n<meta name=\"twitter:card\" content=\"summary_large_image\" \/>\n<meta name=\"twitter:label1\" content=\"Tiempo de lectura\" \/>\n\t<meta name=\"twitter:data1\" content=\"1 minuto\" \/>\n<script type=\"application\/ld+json\" class=\"yoast-schema-graph\">{\"@context\":\"https:\\\/\\\/schema.org\",\"@graph\":[{\"@type\":\"WebPage\",\"@id\":\"https:\\\/\\\/quantec.eu\\\/es\\\/quantec-pro\\\/campos-aplicacion\\\/bionica-pro\\\/ejemplos\\\/\",\"url\":\"https:\\\/\\\/quantec.eu\\\/es\\\/quantec-pro\\\/campos-aplicacion\\\/bionica-pro\\\/ejemplos\\\/\",\"name\":\"Ejemplos - Quantec GmbH\",\"isPartOf\":{\"@id\":\"https:\\\/\\\/quantec.eu\\\/es\\\/#website\"},\"primaryImageOfPage\":{\"@id\":\"https:\\\/\\\/quantec.eu\\\/es\\\/quantec-pro\\\/campos-aplicacion\\\/bionica-pro\\\/ejemplos\\\/#primaryimage\"},\"image\":{\"@id\":\"https:\\\/\\\/quantec.eu\\\/es\\\/quantec-pro\\\/campos-aplicacion\\\/bionica-pro\\\/ejemplos\\\/#primaryimage\"},\"thumbnailUrl\":\"https:\\\/\\\/quantec.eu\\\/wp-content\\\/uploads\\\/2024\\\/04\\\/Olivenbaum.jpg\",\"datePublished\":\"2024-07-16T07:02:55+00:00\",\"dateModified\":\"2024-08-21T09:15:28+00:00\",\"breadcrumb\":{\"@id\":\"https:\\\/\\\/quantec.eu\\\/es\\\/quantec-pro\\\/campos-aplicacion\\\/bionica-pro\\\/ejemplos\\\/#breadcrumb\"},\"inLanguage\":\"es\",\"potentialAction\":[{\"@type\":\"ReadAction\",\"target\":[\"https:\\\/\\\/quantec.eu\\\/es\\\/quantec-pro\\\/campos-aplicacion\\\/bionica-pro\\\/ejemplos\\\/\"]}]},{\"@type\":\"ImageObject\",\"inLanguage\":\"es\",\"@id\":\"https:\\\/\\\/quantec.eu\\\/es\\\/quantec-pro\\\/campos-aplicacion\\\/bionica-pro\\\/ejemplos\\\/#primaryimage\",\"url\":\"https:\\\/\\\/quantec.eu\\\/wp-content\\\/uploads\\\/2024\\\/04\\\/Olivenbaum.jpg\",\"contentUrl\":\"https:\\\/\\\/quantec.eu\\\/wp-content\\\/uploads\\\/2024\\\/04\\\/Olivenbaum.jpg\"},{\"@type\":\"BreadcrumbList\",\"@id\":\"https:\\\/\\\/quantec.eu\\\/es\\\/quantec-pro\\\/campos-aplicacion\\\/bionica-pro\\\/ejemplos\\\/#breadcrumb\",\"itemListElement\":[{\"@type\":\"ListItem\",\"position\":1,\"name\":\"Startseite\",\"item\":\"https:\\\/\\\/quantec.eu\\\/es\\\/\"},{\"@type\":\"ListItem\",\"position\":2,\"name\":\"QUANTEC PRO\",\"item\":\"https:\\\/\\\/quantec.eu\\\/es\\\/quantec-pro\\\/\"},{\"@type\":\"ListItem\",\"position\":3,\"name\":\"campos aplicacion\",\"item\":\"https:\\\/\\\/quantec.eu\\\/es\\\/quantec-pro\\\/anwendungsbereiche\\\/\"},{\"@type\":\"ListItem\",\"position\":4,\"name\":\"Bi\u00f3nica Pro\",\"item\":\"https:\\\/\\\/quantec.eu\\\/es\\\/quantec-pro\\\/anwendungsbereiche\\\/bionik-pro\\\/\"},{\"@type\":\"ListItem\",\"position\":5,\"name\":\"Ejemplos\"}]},{\"@type\":\"WebSite\",\"@id\":\"https:\\\/\\\/quantec.eu\\\/es\\\/#website\",\"url\":\"https:\\\/\\\/quantec.eu\\\/es\\\/\",\"name\":\"Quantec GmbH\",\"description\":\"INSTRUMENTELLE BIOKOMMUNIKATION\",\"potentialAction\":[{\"@type\":\"SearchAction\",\"target\":{\"@type\":\"EntryPoint\",\"urlTemplate\":\"https:\\\/\\\/quantec.eu\\\/es\\\/?s={search_term_string}\"},\"query-input\":{\"@type\":\"PropertyValueSpecification\",\"valueRequired\":true,\"valueName\":\"search_term_string\"}}],\"inLanguage\":\"es\"}]}<\/script>\n<!-- \/ Yoast SEO plugin. -->","yoast_head_json":{"title":"Ejemplos - Quantec GmbH","robots":{"index":"index","follow":"follow","max-snippet":"max-snippet:-1","max-image-preview":"max-image-preview:large","max-video-preview":"max-video-preview:-1"},"canonical":"https:\/\/quantec.eu\/es\/quantec-pro\/campos-aplicacion\/bionica-pro\/ejemplos\/","og_locale":"es_ES","og_type":"article","og_title":"Ejemplos - Quantec GmbH","og_description":"Ejemplos interesantes Sorprendente . . \u00bfSab\u00eda que en Australia hay \u00e1rboles selv\u00e1ticos cuyos frutos eliminan tumores en muy poco tiempo? \u00bfHa o\u00eddo hablar de la graviola? \u00bfSab\u00edas que los olivos pueden transmitirnos parte de su estrategia para vivir mil a\u00f1os comiendo aceitunas? Premio Nobel para un fitof\u00e1rmaco La china Youyou Tu recibi\u00f3 el Premio Nobel [&hellip;]","og_url":"https:\/\/quantec.eu\/es\/quantec-pro\/campos-aplicacion\/bionica-pro\/ejemplos\/","og_site_name":"Quantec GmbH","article_modified_time":"2024-08-21T09:15:28+00:00","og_image":[{"url":"https:\/\/quantec.eu\/wp-content\/uploads\/2024\/04\/Olivenbaum.jpg","type":"","width":"","height":""}],"twitter_card":"summary_large_image","twitter_misc":{"Tiempo de lectura":"1 minuto"},"schema":{"@context":"https:\/\/schema.org","@graph":[{"@type":"WebPage","@id":"https:\/\/quantec.eu\/es\/quantec-pro\/campos-aplicacion\/bionica-pro\/ejemplos\/","url":"https:\/\/quantec.eu\/es\/quantec-pro\/campos-aplicacion\/bionica-pro\/ejemplos\/","name":"Ejemplos - Quantec GmbH","isPartOf":{"@id":"https:\/\/quantec.eu\/es\/#website"},"primaryImageOfPage":{"@id":"https:\/\/quantec.eu\/es\/quantec-pro\/campos-aplicacion\/bionica-pro\/ejemplos\/#primaryimage"},"image":{"@id":"https:\/\/quantec.eu\/es\/quantec-pro\/campos-aplicacion\/bionica-pro\/ejemplos\/#primaryimage"},"thumbnailUrl":"https:\/\/quantec.eu\/wp-content\/uploads\/2024\/04\/Olivenbaum.jpg","datePublished":"2024-07-16T07:02:55+00:00","dateModified":"2024-08-21T09:15:28+00:00","breadcrumb":{"@id":"https:\/\/quantec.eu\/es\/quantec-pro\/campos-aplicacion\/bionica-pro\/ejemplos\/#breadcrumb"},"inLanguage":"es","potentialAction":[{"@type":"ReadAction","target":["https:\/\/quantec.eu\/es\/quantec-pro\/campos-aplicacion\/bionica-pro\/ejemplos\/"]}]},{"@type":"ImageObject","inLanguage":"es","@id":"https:\/\/quantec.eu\/es\/quantec-pro\/campos-aplicacion\/bionica-pro\/ejemplos\/#primaryimage","url":"https:\/\/quantec.eu\/wp-content\/uploads\/2024\/04\/Olivenbaum.jpg","contentUrl":"https:\/\/quantec.eu\/wp-content\/uploads\/2024\/04\/Olivenbaum.jpg"},{"@type":"BreadcrumbList","@id":"https:\/\/quantec.eu\/es\/quantec-pro\/campos-aplicacion\/bionica-pro\/ejemplos\/#breadcrumb","itemListElement":[{"@type":"ListItem","position":1,"name":"Startseite","item":"https:\/\/quantec.eu\/es\/"},{"@type":"ListItem","position":2,"name":"QUANTEC PRO","item":"https:\/\/quantec.eu\/es\/quantec-pro\/"},{"@type":"ListItem","position":3,"name":"campos aplicacion","item":"https:\/\/quantec.eu\/es\/quantec-pro\/anwendungsbereiche\/"},{"@type":"ListItem","position":4,"name":"Bi\u00f3nica Pro","item":"https:\/\/quantec.eu\/es\/quantec-pro\/anwendungsbereiche\/bionik-pro\/"},{"@type":"ListItem","position":5,"name":"Ejemplos"}]},{"@type":"WebSite","@id":"https:\/\/quantec.eu\/es\/#website","url":"https:\/\/quantec.eu\/es\/","name":"Quantec GmbH","description":"INSTRUMENTELLE BIOKOMMUNIKATION","potentialAction":[{"@type":"SearchAction","target":{"@type":"EntryPoint","urlTemplate":"https:\/\/quantec.eu\/es\/?s={search_term_string}"},"query-input":{"@type":"PropertyValueSpecification","valueRequired":true,"valueName":"search_term_string"}}],"inLanguage":"es"}]}},"_links":{"self":[{"href":"https:\/\/quantec.eu\/es\/wp-json\/wp\/v2\/pages\/8212","targetHints":{"allow":["GET"]}}],"collection":[{"href":"https:\/\/quantec.eu\/es\/wp-json\/wp\/v2\/pages"}],"about":[{"href":"https:\/\/quantec.eu\/es\/wp-json\/wp\/v2\/types\/page"}],"author":[{"embeddable":true,"href":"https:\/\/quantec.eu\/es\/wp-json\/wp\/v2\/users\/1"}],"replies":[{"embeddable":true,"href":"https:\/\/quantec.eu\/es\/wp-json\/wp\/v2\/comments?post=8212"}],"version-history":[{"count":5,"href":"https:\/\/quantec.eu\/es\/wp-json\/wp\/v2\/pages\/8212\/revisions"}],"predecessor-version":[{"id":8974,"href":"https:\/\/quantec.eu\/es\/wp-json\/wp\/v2\/pages\/8212\/revisions\/8974"}],"up":[{"embeddable":true,"href":"https:\/\/quantec.eu\/es\/wp-json\/wp\/v2\/pages\/8192"}],"wp:attachment":[{"href":"https:\/\/quantec.eu\/es\/wp-json\/wp\/v2\/media?parent=8212"}],"curies":[{"name":"wp","href":"https:\/\/api.w.org\/{rel}","templated":true}]}}