{"id":4787,"date":"2024-04-12T08:49:23","date_gmt":"2024-04-12T08:49:23","guid":{"rendered":"https:\/\/quantec.eu\/?page_id=4787"},"modified":"2024-04-12T09:10:29","modified_gmt":"2024-04-12T09:10:29","slug":"estudios-universitarios","status":"publish","type":"page","link":"https:\/\/quantec.eu\/es\/quantec-pro\/campos-aplicacion\/medicina\/estudios-universitarios\/","title":{"rendered":"estudios universitarios"},"content":{"rendered":"\t\t<div data-elementor-type=\"wp-page\" data-elementor-id=\"4787\" class=\"elementor elementor-4787\" data-elementor-post-type=\"page\">\n\t\t\t\t<div data-particle_enable=\"false\" data-particle-mobile-disabled=\"false\" class=\"elementor-element elementor-element-0e03f0c e-con-full e-flex e-con e-parent\" data-id=\"0e03f0c\" data-element_type=\"container\" data-e-type=\"container\" data-settings=\"{&quot;background_background&quot;:&quot;classic&quot;}\">\n\t\t<div data-particle_enable=\"false\" data-particle-mobile-disabled=\"false\" class=\"elementor-element elementor-element-5d13ea6 e-con-full e-flex e-con e-child\" data-id=\"5d13ea6\" data-element_type=\"container\" data-e-type=\"container\">\n\t\t\t\t<div class=\"elementor-element elementor-element-0635dca elementor-widget elementor-widget-heading\" data-id=\"0635dca\" data-element_type=\"widget\" data-e-type=\"widget\" data-widget_type=\"heading.default\">\n\t\t\t\t<div class=\"elementor-widget-container\">\n\t\t\t\t\t<h1 class=\"elementor-heading-title elementor-size-default\">UNIVERSIDADES RESPALDAN EFECTOS POSITIVOS<\/h1>\t\t\t\t<\/div>\n\t\t\t\t<\/div>\n\t\t\t\t<\/div>\n\t\t\t\t<\/div>\n\t\t<div data-particle_enable=\"false\" data-particle-mobile-disabled=\"false\" class=\"elementor-element elementor-element-af7530b e-flex e-con-boxed e-con e-parent\" data-id=\"af7530b\" data-element_type=\"container\" data-e-type=\"container\" data-settings=\"{&quot;background_background&quot;:&quot;classic&quot;}\">\n\t\t\t\t\t<div class=\"e-con-inner\">\n\t\t<div data-particle_enable=\"false\" data-particle-mobile-disabled=\"false\" class=\"elementor-element elementor-element-02cd470 e-con-full e-flex e-con e-child\" data-id=\"02cd470\" data-element_type=\"container\" data-e-type=\"container\">\n\t\t\t\t<div class=\"elementor-element elementor-element-5f7fcca elementor-widget elementor-widget-image\" data-id=\"5f7fcca\" data-element_type=\"widget\" data-e-type=\"widget\" data-widget_type=\"image.default\">\n\t\t\t\t<div class=\"elementor-widget-container\">\n\t\t\t\t\t\t\t\t\t\t\t\t\t\t\t<img fetchpriority=\"high\" decoding=\"async\" width=\"445\" height=\"178\" src=\"https:\/\/quantec.eu\/wp-content\/uploads\/2024\/04\/universitaets-klinikum-freiburg.png\" class=\"attachment-full size-full wp-image-3264\" alt=\"\" srcset=\"https:\/\/quantec.eu\/wp-content\/uploads\/2024\/04\/universitaets-klinikum-freiburg.png 445w, https:\/\/quantec.eu\/wp-content\/uploads\/2024\/04\/universitaets-klinikum-freiburg-300x120.png 300w\" sizes=\"(max-width: 445px) 100vw, 445px\" \/>\t\t\t\t\t\t\t\t\t\t\t\t\t\t\t<\/div>\n\t\t\t\t<\/div>\n\t\t\t\t<\/div>\n\t\t<div data-particle_enable=\"false\" data-particle-mobile-disabled=\"false\" class=\"elementor-element elementor-element-c32bc93 e-con-full e-flex e-con e-child\" data-id=\"c32bc93\" data-element_type=\"container\" data-e-type=\"container\">\n\t\t\t\t<div class=\"elementor-element elementor-element-10f6151 elementor-widget elementor-widget-heading\" data-id=\"10f6151\" data-element_type=\"widget\" data-e-type=\"widget\" data-widget_type=\"heading.default\">\n\t\t\t\t<div class=\"elementor-widget-container\">\n\t\t\t\t\t<h2 class=\"elementor-heading-title elementor-size-default\">Cl\u00ednica universitaria alemana confirma efectos de curaci\u00f3n remota con QUANTEC\u00ae<\/h2>\t\t\t\t<\/div>\n\t\t\t\t<\/div>\n\t\t\t\t<div class=\"elementor-element elementor-element-d20c360 elementor-widget elementor-widget-text-editor\" data-id=\"d20c360\" data-element_type=\"widget\" data-e-type=\"widget\" data-widget_type=\"text-editor.default\">\n\t\t\t\t<div class=\"elementor-widget-container\">\n\t\t\t\t\t\t\t\t\t<p>El estudio de la cl\u00ednica universitaria de Freiburg afirma que hab\u00eda mejorado claramente el estado general de las personas que se trataron con QUANTEC\u00ae.<\/p>\t\t\t\t\t\t\t\t<\/div>\n\t\t\t\t<\/div>\n\t\t\t\t<div class=\"elementor-element elementor-element-affadfc elementor-widget elementor-widget-button\" data-id=\"affadfc\" data-element_type=\"widget\" data-e-type=\"widget\" data-widget_type=\"button.default\">\n\t\t\t\t<div class=\"elementor-widget-container\">\n\t\t\t\t\t\t\t\t\t<div class=\"elementor-button-wrapper\">\n\t\t\t\t\t<a class=\"elementor-button elementor-button-link elementor-size-sm\" href=\"\/es\/quantec-pro\/campos-aplicacion\/medicina\/estudios-universitarios\/clinica-universitaria-alemana\/\">\n\t\t\t\t\t\t<span class=\"elementor-button-content-wrapper\">\n\t\t\t\t\t\t\t\t\t<span class=\"elementor-button-text\">Leer m\u00e1s<\/span>\n\t\t\t\t\t<\/span>\n\t\t\t\t\t<\/a>\n\t\t\t\t<\/div>\n\t\t\t\t\t\t\t\t<\/div>\n\t\t\t\t<\/div>\n\t\t\t\t<\/div>\n\t\t\t\t\t<\/div>\n\t\t\t\t<\/div>\n\t\t<div data-particle_enable=\"false\" data-particle-mobile-disabled=\"false\" class=\"elementor-element elementor-element-510732c e-flex e-con-boxed e-con e-parent\" data-id=\"510732c\" data-element_type=\"container\" data-e-type=\"container\" data-settings=\"{&quot;background_background&quot;:&quot;classic&quot;}\">\n\t\t\t\t\t<div class=\"e-con-inner\">\n\t\t<div data-particle_enable=\"false\" data-particle-mobile-disabled=\"false\" class=\"elementor-element elementor-element-da98e8a e-con-full e-flex e-con e-child\" data-id=\"da98e8a\" data-element_type=\"container\" data-e-type=\"container\">\n\t\t\t\t<div class=\"elementor-element elementor-element-5781c9b elementor-widget elementor-widget-heading\" data-id=\"5781c9b\" data-element_type=\"widget\" data-e-type=\"widget\" data-widget_type=\"heading.default\">\n\t\t\t\t<div class=\"elementor-widget-container\">\n\t\t\t\t\t<h2 class=\"elementor-heading-title elementor-size-default\">Tratamiento exitoso de riesgos cardiovasculares\n<\/h2>\t\t\t\t<\/div>\n\t\t\t\t<\/div>\n\t\t\t\t<div class=\"elementor-element elementor-element-1f0fa52 elementor-widget elementor-widget-text-editor\" data-id=\"1f0fa52\" data-element_type=\"widget\" data-e-type=\"widget\" data-widget_type=\"text-editor.default\">\n\t\t\t\t<div class=\"elementor-widget-container\">\n\t\t\t\t\t\t\t\t\t<p>El estudio universitario concluye: La bioinformaci\u00f3n instrumental con Quantec tuvo un enfoque eficaz para reducir la presi\u00f3n arterial, la glucemia, los triglic\u00e9ridos y el colesterol y ofrece un nuevo m\u00e9todo de tratamiento con resultados alentadores para quienes tienen factores de riesgo cardiovascular.<\/p>\t\t\t\t\t\t\t\t<\/div>\n\t\t\t\t<\/div>\n\t\t\t\t<div class=\"elementor-element elementor-element-f269446 elementor-widget elementor-widget-button\" data-id=\"f269446\" data-element_type=\"widget\" data-e-type=\"widget\" data-widget_type=\"button.default\">\n\t\t\t\t<div class=\"elementor-widget-container\">\n\t\t\t\t\t\t\t\t\t<div class=\"elementor-button-wrapper\">\n\t\t\t\t\t<a class=\"elementor-button elementor-button-link elementor-size-sm\" href=\"\/es\/quantec-pro\/campos-aplicacion\/medicina\/estudios-universitarios\/medcrave\">\n\t\t\t\t\t\t<span class=\"elementor-button-content-wrapper\">\n\t\t\t\t\t\t\t\t\t<span class=\"elementor-button-text\">Leer m\u00e1s<\/span>\n\t\t\t\t\t<\/span>\n\t\t\t\t\t<\/a>\n\t\t\t\t<\/div>\n\t\t\t\t\t\t\t\t<\/div>\n\t\t\t\t<\/div>\n\t\t\t\t<\/div>\n\t\t<div data-particle_enable=\"false\" data-particle-mobile-disabled=\"false\" class=\"elementor-element elementor-element-bd83421 e-con-full e-flex e-con e-child\" data-id=\"bd83421\" data-element_type=\"container\" data-e-type=\"container\">\n\t\t\t\t<div class=\"elementor-element elementor-element-7c477ad elementor-widget elementor-widget-image\" data-id=\"7c477ad\" data-element_type=\"widget\" data-e-type=\"widget\" data-widget_type=\"image.default\">\n\t\t\t\t<div class=\"elementor-widget-container\">\n\t\t\t\t\t\t\t\t\t\t\t\t\t\t\t<img decoding=\"async\" width=\"820\" height=\"239\" src=\"https:\/\/quantec.eu\/wp-content\/uploads\/2024\/04\/MedCrave.jpg\" class=\"attachment-full size-full wp-image-4799\" alt=\"\" srcset=\"https:\/\/quantec.eu\/wp-content\/uploads\/2024\/04\/MedCrave.jpg 820w, https:\/\/quantec.eu\/wp-content\/uploads\/2024\/04\/MedCrave-300x87.jpg 300w, https:\/\/quantec.eu\/wp-content\/uploads\/2024\/04\/MedCrave-768x224.jpg 768w\" sizes=\"(max-width: 820px) 100vw, 820px\" \/>\t\t\t\t\t\t\t\t\t\t\t\t\t\t\t<\/div>\n\t\t\t\t<\/div>\n\t\t\t\t<\/div>\n\t\t\t\t\t<\/div>\n\t\t\t\t<\/div>\n\t\t<div data-particle_enable=\"false\" data-particle-mobile-disabled=\"false\" class=\"elementor-element elementor-element-2b8d6d9 e-flex e-con-boxed e-con e-parent\" data-id=\"2b8d6d9\" data-element_type=\"container\" data-e-type=\"container\" data-settings=\"{&quot;background_background&quot;:&quot;classic&quot;}\">\n\t\t\t\t\t<div class=\"e-con-inner\">\n\t\t<div data-particle_enable=\"false\" data-particle-mobile-disabled=\"false\" class=\"elementor-element elementor-element-fc4d6b8 e-con-full e-flex e-con e-child\" data-id=\"fc4d6b8\" data-element_type=\"container\" data-e-type=\"container\">\n\t\t\t\t<div class=\"elementor-element elementor-element-2d3c55f elementor-widget elementor-widget-image\" data-id=\"2d3c55f\" data-element_type=\"widget\" data-e-type=\"widget\" data-widget_type=\"image.default\">\n\t\t\t\t<div class=\"elementor-widget-container\">\n\t\t\t\t\t\t\t\t\t\t\t\t\t\t\t<img decoding=\"async\" width=\"150\" height=\"113\" src=\"https:\/\/quantec.eu\/wp-content\/uploads\/2024\/04\/LOGOSuniversity.jpg\" class=\"attachment-full size-full wp-image-4790\" alt=\"\" \/>\t\t\t\t\t\t\t\t\t\t\t\t\t\t\t<\/div>\n\t\t\t\t<\/div>\n\t\t\t\t<\/div>\n\t\t<div data-particle_enable=\"false\" data-particle-mobile-disabled=\"false\" class=\"elementor-element elementor-element-ecd7287 e-con-full e-flex e-con e-child\" data-id=\"ecd7287\" data-element_type=\"container\" data-e-type=\"container\">\n\t\t\t\t<div class=\"elementor-element elementor-element-a7b66ec elementor-widget elementor-widget-heading\" data-id=\"a7b66ec\" data-element_type=\"widget\" data-e-type=\"widget\" data-widget_type=\"heading.default\">\n\t\t\t\t<div class=\"elementor-widget-container\">\n\t\t\t\t\t<h2 class=\"elementor-heading-title elementor-size-default\">Biocomunicaci\u00f3n instrumental, un nuevo recurso de terapia de pr\u00e1ctica cl\u00ednica<\/h2>\t\t\t\t<\/div>\n\t\t\t\t<\/div>\n\t\t\t\t<div class=\"elementor-element elementor-element-7a4d286 elementor-widget elementor-widget-text-editor\" data-id=\"7a4d286\" data-element_type=\"widget\" data-e-type=\"widget\" data-widget_type=\"text-editor.default\">\n\t\t\t\t<div class=\"elementor-widget-container\">\n\t\t\t\t\t\t\t\t\t<div class=\"fl-module fl-module-rich-text fl-node-5db043191d260\" data-node=\"5db043191d260\"><div class=\"fl-module-content fl-node-content\"><div class=\"fl-rich-text\"><p>El estudio de la cl\u00ednica \u00abLOGOS INTERNATIONAL UNIVERSITY\u00bb afirma que QUANTEC\u00ae hab\u00eda mejorado el estado general de las personas que se trataron contra factores de riesgo card\u00edaco.<\/p><\/div><\/div><\/div>\t\t\t\t\t\t\t\t<\/div>\n\t\t\t\t<\/div>\n\t\t\t\t<div class=\"elementor-element elementor-element-a1ac66f elementor-widget elementor-widget-button\" data-id=\"a1ac66f\" data-element_type=\"widget\" data-e-type=\"widget\" data-widget_type=\"button.default\">\n\t\t\t\t<div class=\"elementor-widget-container\">\n\t\t\t\t\t\t\t\t\t<div class=\"elementor-button-wrapper\">\n\t\t\t\t\t<a class=\"elementor-button elementor-button-link elementor-size-sm\" href=\"https:\/\/quantec.eu\/wp-content\/uploads\/2019\/10\/INSTRUMENTAL-BIOCOMMUNICATION-A-NEW-RESOURCE-OF-THERAPY-IN-CLINICAL-PRACTICE_-Dr.-Jose-.pdf\">\n\t\t\t\t\t\t<span class=\"elementor-button-content-wrapper\">\n\t\t\t\t\t\t\t\t\t<span class=\"elementor-button-text\">Leer m\u00e1s<\/span>\n\t\t\t\t\t<\/span>\n\t\t\t\t\t<\/a>\n\t\t\t\t<\/div>\n\t\t\t\t\t\t\t\t<\/div>\n\t\t\t\t<\/div>\n\t\t\t\t<\/div>\n\t\t\t\t\t<\/div>\n\t\t\t\t<\/div>\n\t\t<div data-particle_enable=\"false\" data-particle-mobile-disabled=\"false\" class=\"elementor-element elementor-element-6d56e16 e-flex e-con-boxed e-con e-parent\" data-id=\"6d56e16\" data-element_type=\"container\" data-e-type=\"container\" data-settings=\"{&quot;background_background&quot;:&quot;classic&quot;}\">\n\t\t\t\t\t<div class=\"e-con-inner\">\n\t\t<div data-particle_enable=\"false\" data-particle-mobile-disabled=\"false\" class=\"elementor-element elementor-element-6071cec e-con-full e-flex e-con e-child\" data-id=\"6071cec\" data-element_type=\"container\" data-e-type=\"container\">\n\t\t\t\t<div class=\"elementor-element elementor-element-bed3296 elementor-widget elementor-widget-heading\" data-id=\"bed3296\" data-element_type=\"widget\" data-e-type=\"widget\" data-widget_type=\"heading.default\">\n\t\t\t\t<div class=\"elementor-widget-container\">\n\t\t\t\t\t<h2 class=\"elementor-heading-title elementor-size-default\">contacto<\/h2>\t\t\t\t<\/div>\n\t\t\t\t<\/div>\n\t\t\t\t<div class=\"elementor-element elementor-element-3c3007c elementor-widget elementor-widget-text-editor\" data-id=\"3c3007c\" data-element_type=\"widget\" data-e-type=\"widget\" data-widget_type=\"text-editor.default\">\n\t\t\t\t<div class=\"elementor-widget-container\">\n\t\t\t\t\t\t\t\t\t<p>QUANTEC\u00ae GmbH<br \/>Marxnweg 4<br \/>D-810254 Sauerlach<\/p><p>tel: +49 (0)8104 &#8211; 62 90 88<br \/>email:\u00a0<a href=\"mailto:info@quantec.eu\">info@quantec.eu<\/a><\/p><p><strong>P\u00f3ngase en contacto con nosotros &#8211; estaremos encantados de informarle.<\/strong><\/p>\t\t\t\t\t\t\t\t<\/div>\n\t\t\t\t<\/div>\n\t\t\t\t<\/div>\n\t\t<div data-particle_enable=\"false\" data-particle-mobile-disabled=\"false\" class=\"elementor-element elementor-element-3ac81a6 e-con-full e-flex e-con e-child\" data-id=\"3ac81a6\" data-element_type=\"container\" data-e-type=\"container\">\n\t\t\t\t<div class=\"elementor-element elementor-element-81334b1 elementor-widget elementor-widget-image\" data-id=\"81334b1\" data-element_type=\"widget\" data-e-type=\"widget\" data-widget_type=\"image.default\">\n\t\t\t\t<div class=\"elementor-widget-container\">\n\t\t\t\t\t\t\t\t\t\t\t\t\t\t\t<img loading=\"lazy\" decoding=\"async\" width=\"800\" height=\"548\" src=\"https:\/\/quantec.eu\/wp-content\/uploads\/2024\/02\/teaserbox_4280362-1.jpg\" class=\"attachment-full size-full wp-image-2579\" alt=\"\" srcset=\"https:\/\/quantec.eu\/wp-content\/uploads\/2024\/02\/teaserbox_4280362-1.jpg 800w, https:\/\/quantec.eu\/wp-content\/uploads\/2024\/02\/teaserbox_4280362-1-300x206.jpg 300w, https:\/\/quantec.eu\/wp-content\/uploads\/2024\/02\/teaserbox_4280362-1-768x526.jpg 768w\" sizes=\"(max-width: 800px) 100vw, 800px\" \/>\t\t\t\t\t\t\t\t\t\t\t\t\t\t\t<\/div>\n\t\t\t\t<\/div>\n\t\t\t\t<\/div>\n\t\t\t\t\t<\/div>\n\t\t\t\t<\/div>\n\t\t\t\t<\/div>\n\t\t","protected":false},"excerpt":{"rendered":"<p>UNIVERSIDADES RESPALDAN EFECTOS POSITIVOS Cl\u00ednica universitaria alemana confirma efectos de curaci\u00f3n remota con QUANTEC\u00ae El estudio de la cl\u00ednica universitaria de Freiburg afirma que hab\u00eda mejorado claramente el estado general de las personas que se trataron con QUANTEC\u00ae. Leer m\u00e1s Tratamiento exitoso de riesgos cardiovasculares El estudio universitario concluye: La bioinformaci\u00f3n instrumental con Quantec tuvo [&hellip;]<\/p>\n","protected":false},"author":1,"featured_media":0,"parent":3723,"menu_order":0,"comment_status":"closed","ping_status":"closed","template":"elementor_header_footer","meta":{"footnotes":""},"class_list":["post-4787","page","type-page","status-publish","hentry"],"yoast_head":"<!-- This site is optimized with the Yoast SEO plugin v27.3 - https:\/\/yoast.com\/product\/yoast-seo-wordpress\/ -->\n<title>estudios universitarios - Quantec GmbH<\/title>\n<meta name=\"description\" content=\"Varios estudios scient\u00edficos a nivel universitario comprueban que QUANTEC pone las ventajas de una ter\u00e1pia cu\u00e1ntica a su alcanze.\" \/>\n<meta name=\"robots\" content=\"index, follow, max-snippet:-1, max-image-preview:large, max-video-preview:-1\" \/>\n<link rel=\"canonical\" href=\"https:\/\/quantec.eu\/es\/quantec-pro\/campos-aplicacion\/medicina\/estudios-universitarios\/\" \/>\n<meta property=\"og:locale\" content=\"es_ES\" \/>\n<meta property=\"og:type\" content=\"article\" \/>\n<meta property=\"og:title\" content=\"estudios universitarios - Quantec GmbH\" \/>\n<meta property=\"og:description\" content=\"Varios estudios scient\u00edficos a nivel universitario comprueban que QUANTEC pone las ventajas de una ter\u00e1pia cu\u00e1ntica a su alcanze.\" \/>\n<meta property=\"og:url\" content=\"https:\/\/quantec.eu\/es\/quantec-pro\/campos-aplicacion\/medicina\/estudios-universitarios\/\" \/>\n<meta property=\"og:site_name\" content=\"Quantec GmbH\" \/>\n<meta property=\"article:modified_time\" content=\"2024-04-12T09:10:29+00:00\" \/>\n<meta property=\"og:image\" content=\"https:\/\/quantec.eu\/wp-content\/uploads\/2024\/04\/universitaets-klinikum-freiburg.png\" \/>\n<meta name=\"twitter:card\" content=\"summary_large_image\" \/>\n<meta name=\"twitter:label1\" content=\"Tiempo de lectura\" \/>\n\t<meta name=\"twitter:data1\" content=\"2 minutos\" \/>\n<script type=\"application\/ld+json\" class=\"yoast-schema-graph\">{\"@context\":\"https:\\\/\\\/schema.org\",\"@graph\":[{\"@type\":\"WebPage\",\"@id\":\"https:\\\/\\\/quantec.eu\\\/es\\\/quantec-pro\\\/campos-aplicacion\\\/medicina\\\/estudios-universitarios\\\/\",\"url\":\"https:\\\/\\\/quantec.eu\\\/es\\\/quantec-pro\\\/campos-aplicacion\\\/medicina\\\/estudios-universitarios\\\/\",\"name\":\"estudios universitarios - Quantec GmbH\",\"isPartOf\":{\"@id\":\"https:\\\/\\\/quantec.eu\\\/es\\\/#website\"},\"primaryImageOfPage\":{\"@id\":\"https:\\\/\\\/quantec.eu\\\/es\\\/quantec-pro\\\/campos-aplicacion\\\/medicina\\\/estudios-universitarios\\\/#primaryimage\"},\"image\":{\"@id\":\"https:\\\/\\\/quantec.eu\\\/es\\\/quantec-pro\\\/campos-aplicacion\\\/medicina\\\/estudios-universitarios\\\/#primaryimage\"},\"thumbnailUrl\":\"https:\\\/\\\/quantec.eu\\\/wp-content\\\/uploads\\\/2024\\\/04\\\/universitaets-klinikum-freiburg.png\",\"datePublished\":\"2024-04-12T08:49:23+00:00\",\"dateModified\":\"2024-04-12T09:10:29+00:00\",\"description\":\"Varios estudios scient\u00edficos a nivel universitario comprueban que QUANTEC pone las ventajas de una ter\u00e1pia cu\u00e1ntica a su alcanze.\",\"breadcrumb\":{\"@id\":\"https:\\\/\\\/quantec.eu\\\/es\\\/quantec-pro\\\/campos-aplicacion\\\/medicina\\\/estudios-universitarios\\\/#breadcrumb\"},\"inLanguage\":\"es\",\"potentialAction\":[{\"@type\":\"ReadAction\",\"target\":[\"https:\\\/\\\/quantec.eu\\\/es\\\/quantec-pro\\\/campos-aplicacion\\\/medicina\\\/estudios-universitarios\\\/\"]}]},{\"@type\":\"ImageObject\",\"inLanguage\":\"es\",\"@id\":\"https:\\\/\\\/quantec.eu\\\/es\\\/quantec-pro\\\/campos-aplicacion\\\/medicina\\\/estudios-universitarios\\\/#primaryimage\",\"url\":\"https:\\\/\\\/quantec.eu\\\/wp-content\\\/uploads\\\/2024\\\/04\\\/universitaets-klinikum-freiburg.png\",\"contentUrl\":\"https:\\\/\\\/quantec.eu\\\/wp-content\\\/uploads\\\/2024\\\/04\\\/universitaets-klinikum-freiburg.png\"},{\"@type\":\"BreadcrumbList\",\"@id\":\"https:\\\/\\\/quantec.eu\\\/es\\\/quantec-pro\\\/campos-aplicacion\\\/medicina\\\/estudios-universitarios\\\/#breadcrumb\",\"itemListElement\":[{\"@type\":\"ListItem\",\"position\":1,\"name\":\"Startseite\",\"item\":\"https:\\\/\\\/quantec.eu\\\/es\\\/\"},{\"@type\":\"ListItem\",\"position\":2,\"name\":\"QUANTEC PRO\",\"item\":\"https:\\\/\\\/quantec.eu\\\/es\\\/quantec-pro\\\/\"},{\"@type\":\"ListItem\",\"position\":3,\"name\":\"campos aplicacion\",\"item\":\"https:\\\/\\\/quantec.eu\\\/es\\\/quantec-pro\\\/anwendungsbereiche\\\/\"},{\"@type\":\"ListItem\",\"position\":4,\"name\":\"Tratamientos M\u00e9dicos\",\"item\":\"https:\\\/\\\/quantec.eu\\\/es\\\/quantec-pro\\\/anwendungsbereiche\\\/medizinische-behandlungen\\\/\"},{\"@type\":\"ListItem\",\"position\":5,\"name\":\"estudios universitarios\"}]},{\"@type\":\"WebSite\",\"@id\":\"https:\\\/\\\/quantec.eu\\\/es\\\/#website\",\"url\":\"https:\\\/\\\/quantec.eu\\\/es\\\/\",\"name\":\"Quantec GmbH\",\"description\":\"INSTRUMENTELLE BIOKOMMUNIKATION\",\"potentialAction\":[{\"@type\":\"SearchAction\",\"target\":{\"@type\":\"EntryPoint\",\"urlTemplate\":\"https:\\\/\\\/quantec.eu\\\/es\\\/?s={search_term_string}\"},\"query-input\":{\"@type\":\"PropertyValueSpecification\",\"valueRequired\":true,\"valueName\":\"search_term_string\"}}],\"inLanguage\":\"es\"}]}<\/script>\n<!-- \/ Yoast SEO plugin. -->","yoast_head_json":{"title":"estudios universitarios - Quantec GmbH","description":"Varios estudios scient\u00edficos a nivel universitario comprueban que QUANTEC pone las ventajas de una ter\u00e1pia cu\u00e1ntica a su alcanze.","robots":{"index":"index","follow":"follow","max-snippet":"max-snippet:-1","max-image-preview":"max-image-preview:large","max-video-preview":"max-video-preview:-1"},"canonical":"https:\/\/quantec.eu\/es\/quantec-pro\/campos-aplicacion\/medicina\/estudios-universitarios\/","og_locale":"es_ES","og_type":"article","og_title":"estudios universitarios - Quantec GmbH","og_description":"Varios estudios scient\u00edficos a nivel universitario comprueban que QUANTEC pone las ventajas de una ter\u00e1pia cu\u00e1ntica a su alcanze.","og_url":"https:\/\/quantec.eu\/es\/quantec-pro\/campos-aplicacion\/medicina\/estudios-universitarios\/","og_site_name":"Quantec GmbH","article_modified_time":"2024-04-12T09:10:29+00:00","og_image":[{"url":"https:\/\/quantec.eu\/wp-content\/uploads\/2024\/04\/universitaets-klinikum-freiburg.png","type":"","width":"","height":""}],"twitter_card":"summary_large_image","twitter_misc":{"Tiempo de lectura":"2 minutos"},"schema":{"@context":"https:\/\/schema.org","@graph":[{"@type":"WebPage","@id":"https:\/\/quantec.eu\/es\/quantec-pro\/campos-aplicacion\/medicina\/estudios-universitarios\/","url":"https:\/\/quantec.eu\/es\/quantec-pro\/campos-aplicacion\/medicina\/estudios-universitarios\/","name":"estudios universitarios - Quantec GmbH","isPartOf":{"@id":"https:\/\/quantec.eu\/es\/#website"},"primaryImageOfPage":{"@id":"https:\/\/quantec.eu\/es\/quantec-pro\/campos-aplicacion\/medicina\/estudios-universitarios\/#primaryimage"},"image":{"@id":"https:\/\/quantec.eu\/es\/quantec-pro\/campos-aplicacion\/medicina\/estudios-universitarios\/#primaryimage"},"thumbnailUrl":"https:\/\/quantec.eu\/wp-content\/uploads\/2024\/04\/universitaets-klinikum-freiburg.png","datePublished":"2024-04-12T08:49:23+00:00","dateModified":"2024-04-12T09:10:29+00:00","description":"Varios estudios scient\u00edficos a nivel universitario comprueban que QUANTEC pone las ventajas de una ter\u00e1pia cu\u00e1ntica a su alcanze.","breadcrumb":{"@id":"https:\/\/quantec.eu\/es\/quantec-pro\/campos-aplicacion\/medicina\/estudios-universitarios\/#breadcrumb"},"inLanguage":"es","potentialAction":[{"@type":"ReadAction","target":["https:\/\/quantec.eu\/es\/quantec-pro\/campos-aplicacion\/medicina\/estudios-universitarios\/"]}]},{"@type":"ImageObject","inLanguage":"es","@id":"https:\/\/quantec.eu\/es\/quantec-pro\/campos-aplicacion\/medicina\/estudios-universitarios\/#primaryimage","url":"https:\/\/quantec.eu\/wp-content\/uploads\/2024\/04\/universitaets-klinikum-freiburg.png","contentUrl":"https:\/\/quantec.eu\/wp-content\/uploads\/2024\/04\/universitaets-klinikum-freiburg.png"},{"@type":"BreadcrumbList","@id":"https:\/\/quantec.eu\/es\/quantec-pro\/campos-aplicacion\/medicina\/estudios-universitarios\/#breadcrumb","itemListElement":[{"@type":"ListItem","position":1,"name":"Startseite","item":"https:\/\/quantec.eu\/es\/"},{"@type":"ListItem","position":2,"name":"QUANTEC PRO","item":"https:\/\/quantec.eu\/es\/quantec-pro\/"},{"@type":"ListItem","position":3,"name":"campos aplicacion","item":"https:\/\/quantec.eu\/es\/quantec-pro\/anwendungsbereiche\/"},{"@type":"ListItem","position":4,"name":"Tratamientos M\u00e9dicos","item":"https:\/\/quantec.eu\/es\/quantec-pro\/anwendungsbereiche\/medizinische-behandlungen\/"},{"@type":"ListItem","position":5,"name":"estudios universitarios"}]},{"@type":"WebSite","@id":"https:\/\/quantec.eu\/es\/#website","url":"https:\/\/quantec.eu\/es\/","name":"Quantec GmbH","description":"INSTRUMENTELLE BIOKOMMUNIKATION","potentialAction":[{"@type":"SearchAction","target":{"@type":"EntryPoint","urlTemplate":"https:\/\/quantec.eu\/es\/?s={search_term_string}"},"query-input":{"@type":"PropertyValueSpecification","valueRequired":true,"valueName":"search_term_string"}}],"inLanguage":"es"}]}},"_links":{"self":[{"href":"https:\/\/quantec.eu\/es\/wp-json\/wp\/v2\/pages\/4787","targetHints":{"allow":["GET"]}}],"collection":[{"href":"https:\/\/quantec.eu\/es\/wp-json\/wp\/v2\/pages"}],"about":[{"href":"https:\/\/quantec.eu\/es\/wp-json\/wp\/v2\/types\/page"}],"author":[{"embeddable":true,"href":"https:\/\/quantec.eu\/es\/wp-json\/wp\/v2\/users\/1"}],"replies":[{"embeddable":true,"href":"https:\/\/quantec.eu\/es\/wp-json\/wp\/v2\/comments?post=4787"}],"version-history":[{"count":0,"href":"https:\/\/quantec.eu\/es\/wp-json\/wp\/v2\/pages\/4787\/revisions"}],"up":[{"embeddable":true,"href":"https:\/\/quantec.eu\/es\/wp-json\/wp\/v2\/pages\/3723"}],"wp:attachment":[{"href":"https:\/\/quantec.eu\/es\/wp-json\/wp\/v2\/media?parent=4787"}],"curies":[{"name":"wp","href":"https:\/\/api.w.org\/{rel}","templated":true}]}}