{"id":4158,"date":"2024-04-10T09:03:04","date_gmt":"2024-04-10T09:03:04","guid":{"rendered":"https:\/\/quantec.eu\/quantec-pro\/axxyxx\/"},"modified":"2025-01-09T15:30:31","modified_gmt":"2025-01-09T14:30:31","slug":"axxyxx","status":"publish","type":"page","link":"https:\/\/quantec.eu\/es\/axxyxx\/","title":{"rendered":"axxyxx"},"content":{"rendered":"\t\t<div data-elementor-type=\"wp-page\" data-elementor-id=\"4158\" class=\"elementor elementor-4158 elementor-2898\" data-elementor-post-type=\"page\">\n\t\t\t\t<div data-particle_enable=\"false\" data-particle-mobile-disabled=\"false\" class=\"elementor-element elementor-element-cd91c0b e-con-full e-flex e-con e-parent\" data-id=\"cd91c0b\" data-element_type=\"container\" data-e-type=\"container\" data-settings=\"{&quot;background_background&quot;:&quot;classic&quot;}\">\n\t\t<div data-particle_enable=\"false\" data-particle-mobile-disabled=\"false\" class=\"elementor-element elementor-element-28f25e20 e-con-full e-flex e-con e-child\" data-id=\"28f25e20\" data-element_type=\"container\" data-e-type=\"container\">\n\t\t\t\t<div class=\"elementor-element elementor-element-6cafdb7 elementor-widget elementor-widget-heading\" data-id=\"6cafdb7\" data-element_type=\"widget\" data-e-type=\"widget\" data-widget_type=\"heading.default\">\n\t\t\t\t<div class=\"elementor-widget-container\">\n\t\t\t\t\t<h1 class=\"elementor-heading-title elementor-size-default\">AXXYXX<\/h1>\t\t\t\t<\/div>\n\t\t\t\t<\/div>\n\t\t\t\t<\/div>\n\t\t\t\t<\/div>\n\t\t<div data-particle_enable=\"false\" data-particle-mobile-disabled=\"false\" class=\"elementor-element elementor-element-1a5c103c e-flex e-con-boxed e-con e-parent\" data-id=\"1a5c103c\" data-element_type=\"container\" data-e-type=\"container\" data-settings=\"{&quot;background_background&quot;:&quot;classic&quot;}\">\n\t\t\t\t\t<div class=\"e-con-inner\">\n\t\t<div data-particle_enable=\"false\" data-particle-mobile-disabled=\"false\" class=\"elementor-element elementor-element-a9c0150 e-con-full e-flex e-con e-child\" data-id=\"a9c0150\" data-element_type=\"container\" data-e-type=\"container\">\n\t\t\t\t<div class=\"elementor-element elementor-element-74629425 elementor-widget elementor-widget-image\" data-id=\"74629425\" data-element_type=\"widget\" data-e-type=\"widget\" data-widget_type=\"image.default\">\n\t\t\t\t<div class=\"elementor-widget-container\">\n\t\t\t\t\t\t\t\t\t\t\t\t\t\t\t<img decoding=\"async\" width=\"300\" height=\"165\" src=\"https:\/\/quantec.eu\/wp-content\/uploads\/2024\/04\/Logo-AXXYXX-klein.jpg\" class=\"attachment-full size-full wp-image-2908\" alt=\"\" \/>\t\t\t\t\t\t\t\t\t\t\t\t\t\t\t<\/div>\n\t\t\t\t<\/div>\n\t\t\t\t<\/div>\n\t\t<div data-particle_enable=\"false\" data-particle-mobile-disabled=\"false\" class=\"elementor-element elementor-element-1905aee4 e-con-full e-flex e-con e-child\" data-id=\"1905aee4\" data-element_type=\"container\" data-e-type=\"container\">\n\t\t\t\t<div class=\"elementor-element elementor-element-59cbe5a4 elementor-widget elementor-widget-heading\" data-id=\"59cbe5a4\" data-element_type=\"widget\" data-e-type=\"widget\" data-widget_type=\"heading.default\">\n\t\t\t\t<div class=\"elementor-widget-container\">\n\t\t\t\t\t<h2 class=\"elementor-heading-title elementor-size-default\">\u00bfQu\u00e9 es AXXYXX?<\/h2>\t\t\t\t<\/div>\n\t\t\t\t<\/div>\n\t\t\t\t<div class=\"elementor-element elementor-element-9ddd696 elementor-widget elementor-widget-text-editor\" data-id=\"9ddd696\" data-element_type=\"widget\" data-e-type=\"widget\" data-widget_type=\"text-editor.default\">\n\t\t\t\t<div class=\"elementor-widget-container\">\n\t\t\t\t\t\t\t\t\t<p>En todo el mundo, nuestros dispositivos se conocen como \u00abQUANTEC<span class=\"s1\">\u00ae<\/span>\u00ab.<\/p>\n<p>S\u00f3lo en <strong>Estados Unidos<\/strong>, <strong>Canad\u00e1<\/strong> y <strong>Jap\u00f3n<\/strong> nuestro nombre \u00abQUANTEC<span class=\"s1\">\u00ae<\/span>\u00bb ya hab\u00eda sido registrado como marca por otras empresas. Por lo tanto, nuestros dispositivos no pueden venderse con este nombre en estos pa\u00edses.<\/p>\n<p>Nuestros dispositivos se ofrecen all\u00ed como \u00abAXXYXX\u00bb.<\/p>\n\t\t\t\t\t\t\t\t<\/div>\n\t\t\t\t<\/div>\n\t\t\t\t<\/div>\n\t\t\t\t\t<\/div>\n\t\t\t\t<\/div>\n\t\t<div data-particle_enable=\"false\" data-particle-mobile-disabled=\"false\" class=\"elementor-element elementor-element-2befbb48 e-flex e-con-boxed e-con e-parent\" data-id=\"2befbb48\" data-element_type=\"container\" data-e-type=\"container\" data-settings=\"{&quot;background_background&quot;:&quot;classic&quot;}\">\n\t\t\t\t\t<div class=\"e-con-inner\">\n\t\t<div data-particle_enable=\"false\" data-particle-mobile-disabled=\"false\" class=\"elementor-element elementor-element-521fa8c2 e-con-full e-flex e-con e-child\" data-id=\"521fa8c2\" data-element_type=\"container\" data-e-type=\"container\">\n\t\t\t\t<div class=\"elementor-element elementor-element-732cac54 elementor-widget elementor-widget-heading\" data-id=\"732cac54\" data-element_type=\"widget\" data-e-type=\"widget\" data-widget_type=\"heading.default\">\n\t\t\t\t<div class=\"elementor-widget-container\">\n\t\t\t\t\t<h2 class=\"elementor-heading-title elementor-size-default\">\u00bfCu\u00e1l es la diferencia entre QUANTEC\u00ae y AXXYXX?<\/h2>\t\t\t\t<\/div>\n\t\t\t\t<\/div>\n\t\t\t\t<div class=\"elementor-element elementor-element-2fe8f41 elementor-widget elementor-widget-text-editor\" data-id=\"2fe8f41\" data-element_type=\"widget\" data-e-type=\"widget\" data-widget_type=\"text-editor.default\">\n\t\t\t\t<div class=\"elementor-widget-container\">\n\t\t\t\t\t\t\t\t\t<p>No hay diferencias entre QUANTEC<span class=\"s1\">\u00ae<\/span> PRO y AXXYXX PRO. Ambos dispositivos con su software son completamente id\u00e9nticos, la \u00fanica diferencia es el nombre.<\/p>\n<p>Lo mismo ocurre, por supuesto, con QUANTEC<span class=\"s1\">\u00ae<\/span> MED y SPA y AXXYXX MED y SPA.<\/p>\n\t\t\t\t\t\t\t\t<\/div>\n\t\t\t\t<\/div>\n\t\t\t\t<\/div>\n\t\t<div data-particle_enable=\"false\" data-particle-mobile-disabled=\"false\" class=\"elementor-element elementor-element-e8ec177 e-con-full e-flex e-con e-child\" data-id=\"e8ec177\" data-element_type=\"container\" data-e-type=\"container\">\n\t\t\t\t<div class=\"elementor-element elementor-element-7d87e33 elementor-widget elementor-widget-image\" data-id=\"7d87e33\" data-element_type=\"widget\" data-e-type=\"widget\" data-widget_type=\"image.default\">\n\t\t\t\t<div class=\"elementor-widget-container\">\n\t\t\t\t\t\t\t\t\t\t\t\t\t\t\t<img fetchpriority=\"high\" decoding=\"async\" width=\"297\" height=\"191\" src=\"https:\/\/quantec.eu\/wp-content\/uploads\/2024\/02\/logo.jpg\" class=\"attachment-full size-full wp-image-2417\" alt=\"\" \/>\t\t\t\t\t\t\t\t\t\t\t\t\t\t\t<\/div>\n\t\t\t\t<\/div>\n\t\t\t\t<\/div>\n\t\t\t\t\t<\/div>\n\t\t\t\t<\/div>\n\t\t<div data-particle_enable=\"false\" data-particle-mobile-disabled=\"false\" class=\"elementor-element elementor-element-123b86fd e-flex e-con-boxed e-con e-parent\" data-id=\"123b86fd\" data-element_type=\"container\" data-e-type=\"container\" data-settings=\"{&quot;background_background&quot;:&quot;classic&quot;}\">\n\t\t\t\t\t<div class=\"e-con-inner\">\n\t\t<div data-particle_enable=\"false\" data-particle-mobile-disabled=\"false\" class=\"elementor-element elementor-element-f37ca70 e-con-full e-flex e-con e-child\" data-id=\"f37ca70\" data-element_type=\"container\" data-e-type=\"container\">\n\t\t\t\t<div class=\"elementor-element elementor-element-c29875c elementor-widget elementor-widget-image\" data-id=\"c29875c\" data-element_type=\"widget\" data-e-type=\"widget\" data-widget_type=\"image.default\">\n\t\t\t\t<div class=\"elementor-widget-container\">\n\t\t\t\t\t\t\t\t\t\t\t\t\t\t\t<img decoding=\"async\" width=\"300\" height=\"165\" src=\"https:\/\/quantec.eu\/wp-content\/uploads\/2024\/04\/Logo-AXXYXX-klein.jpg\" class=\"attachment-full size-full wp-image-2908\" alt=\"\" \/>\t\t\t\t\t\t\t\t\t\t\t\t\t\t\t<\/div>\n\t\t\t\t<\/div>\n\t\t\t\t<\/div>\n\t\t<div data-particle_enable=\"false\" data-particle-mobile-disabled=\"false\" class=\"elementor-element elementor-element-1944d505 e-con-full e-flex e-con e-child\" data-id=\"1944d505\" data-element_type=\"container\" data-e-type=\"container\">\n\t\t\t\t<div class=\"elementor-element elementor-element-79b52a43 elementor-widget elementor-widget-heading\" data-id=\"79b52a43\" data-element_type=\"widget\" data-e-type=\"widget\" data-widget_type=\"heading.default\">\n\t\t\t\t<div class=\"elementor-widget-container\">\n\t\t\t\t\t<h2 class=\"elementor-heading-title elementor-size-default\">\u00bfQui\u00e9n es el fabricante de los dispositivos AXXYXX?<\/h2>\t\t\t\t<\/div>\n\t\t\t\t<\/div>\n\t\t\t\t<div class=\"elementor-element elementor-element-5465ad4 elementor-widget elementor-widget-text-editor\" data-id=\"5465ad4\" data-element_type=\"widget\" data-e-type=\"widget\" data-widget_type=\"text-editor.default\">\n\t\t\t\t<div class=\"elementor-widget-container\">\n\t\t\t\t\t\t\t\t\t<div class=\"fl-row fl-row-fixed-width fl-row-bg-color fl-node-609e20c07985a fl-row-default-height fl-row-align-center\" data-node=\"609e20c07985a\">\n<div class=\"fl-row-content-wrap\">\n<div class=\"fl-row-content fl-row-fixed-width fl-node-content\">\n<div class=\"fl-col-group fl-node-609e20c07985b\" data-node=\"609e20c07985b\">\n<div class=\"fl-col fl-node-609e20c07985d\" data-node=\"609e20c07985d\">\n<div class=\"fl-col-content fl-node-content\">\n<div class=\"fl-module fl-module-rich-text fl-node-609e20c079865\" data-node=\"609e20c079865\">\n<div class=\"fl-module-content fl-node-content\">\n<div class=\"fl-rich-text\">\n<p>Al igual que los aparatos de QUANTEC<span class=\"s1\">\u00ae<\/span>, el fabricante es QUANTEC<span class=\"s1\">\u00ae<\/span> GmbH.<\/p>\n<\/div>\n<\/div>\n<\/div>\n<\/div>\n<\/div>\n<\/div>\n<\/div>\n<\/div>\n<\/div>\n\t\t\t\t\t\t\t\t<\/div>\n\t\t\t\t<\/div>\n\t\t\t\t<\/div>\n\t\t\t\t\t<\/div>\n\t\t\t\t<\/div>\n\t\t<div data-particle_enable=\"false\" data-particle-mobile-disabled=\"false\" class=\"elementor-element elementor-element-46f16e5 e-flex e-con-boxed e-con e-parent\" data-id=\"46f16e5\" data-element_type=\"container\" data-e-type=\"container\" data-settings=\"{&quot;background_background&quot;:&quot;classic&quot;}\">\n\t\t\t\t\t<div class=\"e-con-inner\">\n\t\t<div data-particle_enable=\"false\" data-particle-mobile-disabled=\"false\" class=\"elementor-element elementor-element-262157a e-con-full e-flex e-con e-child\" data-id=\"262157a\" data-element_type=\"container\" data-e-type=\"container\">\n\t\t\t\t<div class=\"elementor-element elementor-element-aee3d23 elementor-widget elementor-widget-heading\" data-id=\"aee3d23\" data-element_type=\"widget\" data-e-type=\"widget\" data-widget_type=\"heading.default\">\n\t\t\t\t<div class=\"elementor-widget-container\">\n\t\t\t\t\t<h2 class=\"elementor-heading-title elementor-size-default\">CONTACTO<\/h2>\t\t\t\t<\/div>\n\t\t\t\t<\/div>\n\t\t\t\t<div class=\"elementor-element elementor-element-076c947 elementor-widget elementor-widget-text-editor\" data-id=\"076c947\" data-element_type=\"widget\" data-e-type=\"widget\" data-widget_type=\"text-editor.default\">\n\t\t\t\t<div class=\"elementor-widget-container\">\n\t\t\t\t\t\t\t\t\t<p>QUANTEC<span class=\"s1\">\u00ae<\/span> GmbH<br \/>\nPixisstra\u00dfe 2A<br \/>\nD-81679 M\u00fcnchen<\/p>\n<p>Tel: <a href=\"tel:+498104629088\">+49 (0)8104 &#8211; 62 90 88<\/a><br \/>\nemail: <a href=\"mailto:info@quantec.eu\">info@quantec.eu<\/a><\/p>\n<p><strong>P\u00f3ngase en contacto con nosotros: \u00a1estaremos encantados de informarle!<\/strong><\/p>\n\t\t\t\t\t\t\t\t<\/div>\n\t\t\t\t<\/div>\n\t\t\t\t<\/div>\n\t\t<div data-particle_enable=\"false\" data-particle-mobile-disabled=\"false\" class=\"elementor-element elementor-element-e816a68 e-con-full e-flex e-con e-child\" data-id=\"e816a68\" data-element_type=\"container\" data-e-type=\"container\">\n\t\t\t\t<div class=\"elementor-element elementor-element-a2da529 elementor-widget elementor-widget-image\" data-id=\"a2da529\" data-element_type=\"widget\" data-e-type=\"widget\" data-widget_type=\"image.default\">\n\t\t\t\t<div class=\"elementor-widget-container\">\n\t\t\t\t\t\t\t\t\t\t\t\t\t\t\t<img decoding=\"async\" width=\"800\" height=\"548\" src=\"https:\/\/quantec.eu\/wp-content\/uploads\/2024\/02\/teaserbox_4280362-1.jpg\" class=\"attachment-full size-full wp-image-2579\" alt=\"\" srcset=\"https:\/\/quantec.eu\/wp-content\/uploads\/2024\/02\/teaserbox_4280362-1.jpg 800w, https:\/\/quantec.eu\/wp-content\/uploads\/2024\/02\/teaserbox_4280362-1-300x206.jpg 300w, https:\/\/quantec.eu\/wp-content\/uploads\/2024\/02\/teaserbox_4280362-1-768x526.jpg 768w\" sizes=\"(max-width: 800px) 100vw, 800px\" \/>\t\t\t\t\t\t\t\t\t\t\t\t\t\t\t<\/div>\n\t\t\t\t<\/div>\n\t\t\t\t<\/div>\n\t\t\t\t\t<\/div>\n\t\t\t\t<\/div>\n\t\t\t\t<\/div>\n\t\t","protected":false},"excerpt":{"rendered":"<p>AXXYXX \u00bfQu\u00e9 es AXXYXX? En todo el mundo, nuestros dispositivos se conocen como \u00abQUANTEC\u00ae\u00bb. S\u00f3lo en Estados Unidos, Canad\u00e1 y Jap\u00f3n nuestro nombre \u00abQUANTEC\u00ae\u00bb ya hab\u00eda sido registrado como marca por otras empresas. Por lo tanto, nuestros dispositivos no pueden venderse con este nombre en estos pa\u00edses. Nuestros dispositivos se ofrecen all\u00ed como \u00abAXXYXX\u00bb. \u00bfCu\u00e1l [&hellip;]<\/p>\n","protected":false},"author":1,"featured_media":0,"parent":0,"menu_order":1,"comment_status":"closed","ping_status":"closed","template":"elementor_header_footer","meta":{"footnotes":""},"class_list":["post-4158","page","type-page","status-publish","hentry"],"yoast_head":"<!-- This site is optimized with the Yoast SEO plugin v27.3 - https:\/\/yoast.com\/product\/yoast-seo-wordpress\/ -->\n<title>AXXYXX - Quantec GmbH<\/title>\n<meta name=\"robots\" content=\"index, follow, max-snippet:-1, max-image-preview:large, max-video-preview:-1\" \/>\n<link rel=\"canonical\" href=\"https:\/\/quantec.eu\/es\/axxyxx\/\" \/>\n<meta property=\"og:locale\" content=\"es_ES\" \/>\n<meta property=\"og:type\" content=\"article\" \/>\n<meta property=\"og:title\" content=\"AXXYXX - Quantec GmbH\" \/>\n<meta property=\"og:description\" content=\"AXXYXX \u00bfQu\u00e9 es AXXYXX? En todo el mundo, nuestros dispositivos se conocen como \u00abQUANTEC\u00ae\u00bb. S\u00f3lo en Estados Unidos, Canad\u00e1 y Jap\u00f3n nuestro nombre \u00abQUANTEC\u00ae\u00bb ya hab\u00eda sido registrado como marca por otras empresas. Por lo tanto, nuestros dispositivos no pueden venderse con este nombre en estos pa\u00edses. Nuestros dispositivos se ofrecen all\u00ed como \u00abAXXYXX\u00bb. \u00bfCu\u00e1l [&hellip;]\" \/>\n<meta property=\"og:url\" content=\"https:\/\/quantec.eu\/es\/axxyxx\/\" \/>\n<meta property=\"og:site_name\" content=\"Quantec GmbH\" \/>\n<meta property=\"article:modified_time\" content=\"2025-01-09T14:30:31+00:00\" \/>\n<meta property=\"og:image\" content=\"https:\/\/quantec.eu\/wp-content\/uploads\/2024\/04\/Logo-AXXYXX-klein.jpg\" \/>\n\t<meta property=\"og:image:width\" content=\"300\" \/>\n\t<meta property=\"og:image:height\" content=\"165\" \/>\n\t<meta property=\"og:image:type\" content=\"image\/jpeg\" \/>\n<meta name=\"twitter:card\" content=\"summary_large_image\" \/>\n<meta name=\"twitter:label1\" content=\"Tiempo de lectura\" \/>\n\t<meta name=\"twitter:data1\" content=\"2 minutos\" \/>\n<script type=\"application\/ld+json\" class=\"yoast-schema-graph\">{\"@context\":\"https:\\\/\\\/schema.org\",\"@graph\":[{\"@type\":\"WebPage\",\"@id\":\"https:\\\/\\\/quantec.eu\\\/es\\\/axxyxx\\\/\",\"url\":\"https:\\\/\\\/quantec.eu\\\/es\\\/axxyxx\\\/\",\"name\":\"AXXYXX - Quantec GmbH\",\"isPartOf\":{\"@id\":\"https:\\\/\\\/quantec.eu\\\/es\\\/#website\"},\"primaryImageOfPage\":{\"@id\":\"https:\\\/\\\/quantec.eu\\\/es\\\/axxyxx\\\/#primaryimage\"},\"image\":{\"@id\":\"https:\\\/\\\/quantec.eu\\\/es\\\/axxyxx\\\/#primaryimage\"},\"thumbnailUrl\":\"https:\\\/\\\/quantec.eu\\\/wp-content\\\/uploads\\\/2024\\\/04\\\/Logo-AXXYXX-klein.jpg\",\"datePublished\":\"2024-04-10T09:03:04+00:00\",\"dateModified\":\"2025-01-09T14:30:31+00:00\",\"breadcrumb\":{\"@id\":\"https:\\\/\\\/quantec.eu\\\/es\\\/axxyxx\\\/#breadcrumb\"},\"inLanguage\":\"es\",\"potentialAction\":[{\"@type\":\"ReadAction\",\"target\":[\"https:\\\/\\\/quantec.eu\\\/es\\\/axxyxx\\\/\"]}]},{\"@type\":\"ImageObject\",\"inLanguage\":\"es\",\"@id\":\"https:\\\/\\\/quantec.eu\\\/es\\\/axxyxx\\\/#primaryimage\",\"url\":\"https:\\\/\\\/quantec.eu\\\/wp-content\\\/uploads\\\/2024\\\/04\\\/Logo-AXXYXX-klein.jpg\",\"contentUrl\":\"https:\\\/\\\/quantec.eu\\\/wp-content\\\/uploads\\\/2024\\\/04\\\/Logo-AXXYXX-klein.jpg\"},{\"@type\":\"BreadcrumbList\",\"@id\":\"https:\\\/\\\/quantec.eu\\\/es\\\/axxyxx\\\/#breadcrumb\",\"itemListElement\":[{\"@type\":\"ListItem\",\"position\":1,\"name\":\"Startseite\",\"item\":\"https:\\\/\\\/quantec.eu\\\/es\\\/\"},{\"@type\":\"ListItem\",\"position\":2,\"name\":\"axxyxx\"}]},{\"@type\":\"WebSite\",\"@id\":\"https:\\\/\\\/quantec.eu\\\/es\\\/#website\",\"url\":\"https:\\\/\\\/quantec.eu\\\/es\\\/\",\"name\":\"Quantec GmbH\",\"description\":\"INSTRUMENTELLE BIOKOMMUNIKATION\",\"potentialAction\":[{\"@type\":\"SearchAction\",\"target\":{\"@type\":\"EntryPoint\",\"urlTemplate\":\"https:\\\/\\\/quantec.eu\\\/es\\\/?s={search_term_string}\"},\"query-input\":{\"@type\":\"PropertyValueSpecification\",\"valueRequired\":true,\"valueName\":\"search_term_string\"}}],\"inLanguage\":\"es\"}]}<\/script>\n<!-- \/ Yoast SEO plugin. -->","yoast_head_json":{"title":"AXXYXX - Quantec GmbH","robots":{"index":"index","follow":"follow","max-snippet":"max-snippet:-1","max-image-preview":"max-image-preview:large","max-video-preview":"max-video-preview:-1"},"canonical":"https:\/\/quantec.eu\/es\/axxyxx\/","og_locale":"es_ES","og_type":"article","og_title":"AXXYXX - Quantec GmbH","og_description":"AXXYXX \u00bfQu\u00e9 es AXXYXX? En todo el mundo, nuestros dispositivos se conocen como \u00abQUANTEC\u00ae\u00bb. S\u00f3lo en Estados Unidos, Canad\u00e1 y Jap\u00f3n nuestro nombre \u00abQUANTEC\u00ae\u00bb ya hab\u00eda sido registrado como marca por otras empresas. Por lo tanto, nuestros dispositivos no pueden venderse con este nombre en estos pa\u00edses. Nuestros dispositivos se ofrecen all\u00ed como \u00abAXXYXX\u00bb. \u00bfCu\u00e1l [&hellip;]","og_url":"https:\/\/quantec.eu\/es\/axxyxx\/","og_site_name":"Quantec GmbH","article_modified_time":"2025-01-09T14:30:31+00:00","og_image":[{"width":300,"height":165,"url":"https:\/\/quantec.eu\/wp-content\/uploads\/2024\/04\/Logo-AXXYXX-klein.jpg","type":"image\/jpeg"}],"twitter_card":"summary_large_image","twitter_misc":{"Tiempo de lectura":"2 minutos"},"schema":{"@context":"https:\/\/schema.org","@graph":[{"@type":"WebPage","@id":"https:\/\/quantec.eu\/es\/axxyxx\/","url":"https:\/\/quantec.eu\/es\/axxyxx\/","name":"AXXYXX - Quantec GmbH","isPartOf":{"@id":"https:\/\/quantec.eu\/es\/#website"},"primaryImageOfPage":{"@id":"https:\/\/quantec.eu\/es\/axxyxx\/#primaryimage"},"image":{"@id":"https:\/\/quantec.eu\/es\/axxyxx\/#primaryimage"},"thumbnailUrl":"https:\/\/quantec.eu\/wp-content\/uploads\/2024\/04\/Logo-AXXYXX-klein.jpg","datePublished":"2024-04-10T09:03:04+00:00","dateModified":"2025-01-09T14:30:31+00:00","breadcrumb":{"@id":"https:\/\/quantec.eu\/es\/axxyxx\/#breadcrumb"},"inLanguage":"es","potentialAction":[{"@type":"ReadAction","target":["https:\/\/quantec.eu\/es\/axxyxx\/"]}]},{"@type":"ImageObject","inLanguage":"es","@id":"https:\/\/quantec.eu\/es\/axxyxx\/#primaryimage","url":"https:\/\/quantec.eu\/wp-content\/uploads\/2024\/04\/Logo-AXXYXX-klein.jpg","contentUrl":"https:\/\/quantec.eu\/wp-content\/uploads\/2024\/04\/Logo-AXXYXX-klein.jpg"},{"@type":"BreadcrumbList","@id":"https:\/\/quantec.eu\/es\/axxyxx\/#breadcrumb","itemListElement":[{"@type":"ListItem","position":1,"name":"Startseite","item":"https:\/\/quantec.eu\/es\/"},{"@type":"ListItem","position":2,"name":"axxyxx"}]},{"@type":"WebSite","@id":"https:\/\/quantec.eu\/es\/#website","url":"https:\/\/quantec.eu\/es\/","name":"Quantec GmbH","description":"INSTRUMENTELLE BIOKOMMUNIKATION","potentialAction":[{"@type":"SearchAction","target":{"@type":"EntryPoint","urlTemplate":"https:\/\/quantec.eu\/es\/?s={search_term_string}"},"query-input":{"@type":"PropertyValueSpecification","valueRequired":true,"valueName":"search_term_string"}}],"inLanguage":"es"}]}},"_links":{"self":[{"href":"https:\/\/quantec.eu\/es\/wp-json\/wp\/v2\/pages\/4158","targetHints":{"allow":["GET"]}}],"collection":[{"href":"https:\/\/quantec.eu\/es\/wp-json\/wp\/v2\/pages"}],"about":[{"href":"https:\/\/quantec.eu\/es\/wp-json\/wp\/v2\/types\/page"}],"author":[{"embeddable":true,"href":"https:\/\/quantec.eu\/es\/wp-json\/wp\/v2\/users\/1"}],"replies":[{"embeddable":true,"href":"https:\/\/quantec.eu\/es\/wp-json\/wp\/v2\/comments?post=4158"}],"version-history":[{"count":2,"href":"https:\/\/quantec.eu\/es\/wp-json\/wp\/v2\/pages\/4158\/revisions"}],"predecessor-version":[{"id":9127,"href":"https:\/\/quantec.eu\/es\/wp-json\/wp\/v2\/pages\/4158\/revisions\/9127"}],"wp:attachment":[{"href":"https:\/\/quantec.eu\/es\/wp-json\/wp\/v2\/media?parent=4158"}],"curies":[{"name":"wp","href":"https:\/\/api.w.org\/{rel}","templated":true}]}}