{"id":3909,"date":"2024-04-03T15:28:51","date_gmt":"2024-04-03T15:28:51","guid":{"rendered":"https:\/\/quantec.eu\/campos-aplicacion\/coaching-lebensberatung\/"},"modified":"2024-06-25T13:07:02","modified_gmt":"2024-06-25T13:07:02","slug":"consulting-coaching","status":"publish","type":"page","link":"https:\/\/quantec.eu\/es\/quantec-pro\/campos-aplicacion\/consulting-coaching\/","title":{"rendered":"consulting coaching"},"content":{"rendered":"\t\t<div data-elementor-type=\"wp-page\" data-elementor-id=\"3909\" class=\"elementor elementor-3909 elementor-3218\" data-elementor-post-type=\"page\">\n\t\t\t\t<div data-particle_enable=\"false\" data-particle-mobile-disabled=\"false\" class=\"elementor-element elementor-element-7b8a26c e-flex e-con-boxed e-con e-parent\" data-id=\"7b8a26c\" data-element_type=\"container\" data-e-type=\"container\" data-settings=\"{&quot;background_background&quot;:&quot;classic&quot;}\">\n\t\t\t\t\t<div class=\"e-con-inner\">\n\t\t<div data-particle_enable=\"false\" data-particle-mobile-disabled=\"false\" class=\"elementor-element elementor-element-c502b1e e-con-full e-flex e-con e-child\" data-id=\"c502b1e\" data-element_type=\"container\" data-e-type=\"container\">\n\t\t\t\t<div class=\"elementor-element elementor-element-ea1912d elementor-widget elementor-widget-heading\" data-id=\"ea1912d\" data-element_type=\"widget\" data-e-type=\"widget\" data-widget_type=\"heading.default\">\n\t\t\t\t<div class=\"elementor-widget-container\">\n\t\t\t\t\t<h1 class=\"elementor-heading-title elementor-size-default\">Coaching y asesoramiento existencial\n<\/h1>\t\t\t\t<\/div>\n\t\t\t\t<\/div>\n\t\t\t\t<div class=\"elementor-element elementor-element-466d3c0 elementor-widget elementor-widget-text-editor\" data-id=\"466d3c0\" data-element_type=\"widget\" data-e-type=\"widget\" data-widget_type=\"text-editor.default\">\n\t\t\t\t<div class=\"elementor-widget-container\">\n\t\t\t\t\t\t\t\t\t<p>Los sigientes usuarios ofecen soluciones para el sector no medicinal y son recomendados por nosotros para assesorias privadas e professionales (en orden alfab\u00e9tico):<\/p>\t\t\t\t\t\t\t\t<\/div>\n\t\t\t\t<\/div>\n\t\t\t\t<\/div>\n\t\t\t\t\t<\/div>\n\t\t\t\t<\/div>\n\t\t<div data-particle_enable=\"false\" data-particle-mobile-disabled=\"false\" class=\"elementor-element elementor-element-cb40d85 e-flex e-con-boxed e-con e-parent\" data-id=\"cb40d85\" data-element_type=\"container\" data-e-type=\"container\" data-settings=\"{&quot;background_background&quot;:&quot;classic&quot;}\">\n\t\t\t\t\t<div class=\"e-con-inner\">\n\t\t<div data-particle_enable=\"false\" data-particle-mobile-disabled=\"false\" class=\"elementor-element elementor-element-64cc31b e-con-full e-flex e-con e-child\" data-id=\"64cc31b\" data-element_type=\"container\" data-e-type=\"container\">\n\t\t<div data-particle_enable=\"false\" data-particle-mobile-disabled=\"false\" class=\"elementor-element elementor-element-de7a7a9 e-con-full e-flex e-con e-child\" data-id=\"de7a7a9\" data-element_type=\"container\" data-e-type=\"container\">\n\t\t\t\t<div class=\"elementor-element elementor-element-8286b72 elementor-widget__width-auto elementor-widget elementor-widget-image\" data-id=\"8286b72\" data-element_type=\"widget\" data-e-type=\"widget\" data-widget_type=\"image.default\">\n\t\t\t\t<div class=\"elementor-widget-container\">\n\t\t\t\t\t\t\t\t\t\t\t\t\t\t\t<img fetchpriority=\"high\" decoding=\"async\" width=\"1308\" height=\"1207\" src=\"https:\/\/quantec.eu\/wp-content\/uploads\/2024\/04\/logo_Stephan-Koenig.jpg\" class=\"attachment-full size-full wp-image-3920\" alt=\"\" srcset=\"https:\/\/quantec.eu\/wp-content\/uploads\/2024\/04\/logo_Stephan-Koenig.jpg 1308w, https:\/\/quantec.eu\/wp-content\/uploads\/2024\/04\/logo_Stephan-Koenig-300x277.jpg 300w, https:\/\/quantec.eu\/wp-content\/uploads\/2024\/04\/logo_Stephan-Koenig-1024x945.jpg 1024w, https:\/\/quantec.eu\/wp-content\/uploads\/2024\/04\/logo_Stephan-Koenig-768x709.jpg 768w\" sizes=\"(max-width: 1308px) 100vw, 1308px\" \/>\t\t\t\t\t\t\t\t\t\t\t\t\t\t\t<\/div>\n\t\t\t\t<\/div>\n\t\t\t\t<\/div>\n\t\t<div data-particle_enable=\"false\" data-particle-mobile-disabled=\"false\" class=\"elementor-element elementor-element-207f567 e-con-full e-flex e-con e-child\" data-id=\"207f567\" data-element_type=\"container\" data-e-type=\"container\">\n\t\t\t\t<div class=\"elementor-element elementor-element-fde04eb elementor-widget__width-auto elementor-widget elementor-widget-text-editor\" data-id=\"fde04eb\" data-element_type=\"widget\" data-e-type=\"widget\" data-widget_type=\"text-editor.default\">\n\t\t\t\t<div class=\"elementor-widget-container\">\n\t\t\t\t\t\t\t\t\t<p>ALEMANIA:<br \/>K\u00f6nig Programas de \u00e9xito<br \/>(Hasta 2011 Kraus &amp; K\u00f6nig)<\/p>\t\t\t\t\t\t\t\t<\/div>\n\t\t\t\t<\/div>\n\t\t\t\t<\/div>\n\t\t\t\t<\/div>\n\t\t<div data-particle_enable=\"false\" data-particle-mobile-disabled=\"false\" class=\"elementor-element elementor-element-e5f3cbe e-con-full e-flex e-con e-child\" data-id=\"e5f3cbe\" data-element_type=\"container\" data-e-type=\"container\">\n\t\t\t\t<div class=\"elementor-element elementor-element-8963123 elementor-widget elementor-widget-text-editor\" data-id=\"8963123\" data-element_type=\"widget\" data-e-type=\"widget\" data-widget_type=\"text-editor.default\">\n\t\t\t\t<div class=\"elementor-widget-container\">\n\t\t\t\t\t\t\t\t\t<div class=\"fl-module fl-module-rich-text fl-node-lfvtue4n85mq\" data-node=\"lfvtue4n85mq\"><div class=\"fl-module-content fl-node-content\"><div class=\"fl-rich-text\"><div class=\"fl-module fl-module-rich-text fl-node-592d1277281bf\" data-node=\"592d1277281bf\"><div class=\"fl-module-content fl-node-content\"><div class=\"fl-rich-text\"><div class=\"fl-module fl-module-heading fl-node-5936754ec321d\" data-node=\"5936754ec321d\"><div class=\"fl-module-content fl-node-content\"><h3 class=\"fl-heading\"><span class=\"fl-heading-text\">LOS ESTUDIOS DE CASOS:<\/span><\/h3><\/div><\/div><div class=\"fl-module fl-module-icon fl-node-591d92d277010\" data-node=\"591d92d277010\"><div class=\"fl-module-content fl-node-content\"><div class=\"fl-icon-wrap\"><i class=\"fa fa-angle-right\" aria-hidden=\"true\"><\/i><div id=\"fl-icon-text-591d92d277010\" class=\"fl-icon-text fl-icon-text-wrap\"><p><a href=\"https:\/\/quantec.eu\/espanol\/quantec_consulting\/co_estudios_casos_kraus_koenig_4.html\">Tratamiento exitoso de 1 hect\u00e1rea de pasto, del arbolado y mejora de la salud de los animales de pasto<\/a><\/p><\/div><\/div><\/div><\/div><div class=\"fl-module fl-module-icon fl-node-591d92df7e255\" data-node=\"591d92df7e255\"><div class=\"fl-module-content fl-node-content\"><div class=\"fl-icon-wrap\"><i class=\"fa fa-angle-right\" aria-hidden=\"true\"><\/i><div id=\"fl-icon-text-591d92df7e255\" class=\"fl-icon-text fl-icon-text-wrap\"><p><a href=\"https:\/\/quantec.eu\/espanol\/quantec_consulting\/co_estudios_casos_kraus_koenig_3.html\">Ayuda eficaz en casos de problemas de aprendizaje y miedo a los ex\u00e1menes durante los estudios<\/a><\/p><\/div><\/div><\/div><\/div><div class=\"fl-module fl-module-icon fl-node-591d931d42704\" data-node=\"591d931d42704\"><div class=\"fl-module-content fl-node-content\"><div class=\"fl-icon-wrap\"><i class=\"fa fa-angle-right\" aria-hidden=\"true\"><\/i><div id=\"fl-icon-text-591d931d42704\" class=\"fl-icon-text fl-icon-text-wrap\"><p><a href=\"https:\/\/quantec.eu\/espanol\/quantec_consulting\/co_estudios_casos_kraus_koenig_2.html\">Integraci\u00f3n e incorporaci\u00f3n de un nuevo miembro de la familia<\/a><\/p><\/div><\/div><\/div><\/div><div class=\"fl-module fl-module-icon fl-node-591d93945e511\" data-node=\"591d93945e511\"><div class=\"fl-module-content fl-node-content\"><div class=\"fl-icon-wrap\"><i class=\"fa fa-angle-right\" aria-hidden=\"true\"><\/i><div id=\"fl-icon-text-591d93945e511\" class=\"fl-icon-text fl-icon-text-wrap\"><p><a href=\"https:\/\/quantec.eu\/espanol\/quantec_consulting\/co_estudios_casos_kraus_koenig_1.html\">Ayuda exitosa en el marat\u00f3n y mejora de la mejor marca<\/a><\/p><\/div><\/div><\/div><\/div><\/div><\/div><\/div><div class=\"fl-module fl-module-icon fl-node-591d93945e511\" data-node=\"591d93945e511\"><div class=\"fl-module-content fl-node-content\"><div class=\"fl-icon-wrap\"><div id=\"fl-icon-text-591d93945e511\" class=\"fl-icon-text fl-icon-text-wrap\">\u00a0<\/div><\/div><\/div><\/div><\/div><\/div><\/div>\t\t\t\t\t\t\t\t<\/div>\n\t\t\t\t<\/div>\n\t\t\t\t<\/div>\n\t\t\t\t\t<\/div>\n\t\t\t\t<\/div>\n\t\t<div data-particle_enable=\"false\" data-particle-mobile-disabled=\"false\" class=\"elementor-element elementor-element-fb8f330 e-flex e-con-boxed e-con e-parent\" data-id=\"fb8f330\" data-element_type=\"container\" data-e-type=\"container\" data-settings=\"{&quot;background_background&quot;:&quot;classic&quot;}\">\n\t\t\t\t\t<div class=\"e-con-inner\">\n\t\t<div data-particle_enable=\"false\" data-particle-mobile-disabled=\"false\" class=\"elementor-element elementor-element-c5955cc e-con-full e-flex e-con e-child\" data-id=\"c5955cc\" data-element_type=\"container\" data-e-type=\"container\">\n\t\t<div data-particle_enable=\"false\" data-particle-mobile-disabled=\"false\" class=\"elementor-element elementor-element-e1fc29b e-con-full e-flex e-con e-child\" data-id=\"e1fc29b\" data-element_type=\"container\" data-e-type=\"container\">\n\t\t\t\t<div class=\"elementor-element elementor-element-39fbfe3 elementor-widget__width-auto elementor-widget elementor-widget-image\" data-id=\"39fbfe3\" data-element_type=\"widget\" data-e-type=\"widget\" data-widget_type=\"image.default\">\n\t\t\t\t<div class=\"elementor-widget-container\">\n\t\t\t\t\t\t\t\t\t\t\t\t\t\t\t<img decoding=\"async\" width=\"120\" height=\"93\" src=\"https:\/\/quantec.eu\/wp-content\/uploads\/2024\/04\/urbatschek_thomas_2013_120.jpg\" class=\"attachment-full size-full wp-image-3237\" alt=\"\" \/>\t\t\t\t\t\t\t\t\t\t\t\t\t\t\t<\/div>\n\t\t\t\t<\/div>\n\t\t\t\t<\/div>\n\t\t<div data-particle_enable=\"false\" data-particle-mobile-disabled=\"false\" class=\"elementor-element elementor-element-d430261 e-con-full e-flex e-con e-child\" data-id=\"d430261\" data-element_type=\"container\" data-e-type=\"container\">\n\t\t\t\t<div class=\"elementor-element elementor-element-eed1d20 elementor-widget__width-auto elementor-widget elementor-widget-text-editor\" data-id=\"eed1d20\" data-element_type=\"widget\" data-e-type=\"widget\" data-widget_type=\"text-editor.default\">\n\t\t\t\t<div class=\"elementor-widget-container\">\n\t\t\t\t\t\t\t\t\t<p>Thomas Urbatschek<br \/>Nordender Weg 3<br \/>25336 Elmshorn<br \/>Tel.: +49 (0)4121- 49 18 35<br \/><a href=\"mailto:tu-radionik@t-online.de\">tu-radionik@t-online.de<\/a><br \/><a href=\"http:\/\/www.tu-training.de\/\" target=\"_new\">www.tu-training.de<\/a><\/p>\t\t\t\t\t\t\t\t<\/div>\n\t\t\t\t<\/div>\n\t\t\t\t<\/div>\n\t\t\t\t<\/div>\n\t\t<div data-particle_enable=\"false\" data-particle-mobile-disabled=\"false\" class=\"elementor-element elementor-element-a12ca73 e-con-full e-flex e-con e-child\" data-id=\"a12ca73\" data-element_type=\"container\" data-e-type=\"container\">\n\t\t\t\t<div class=\"elementor-element elementor-element-ed370d4 elementor-widget elementor-widget-text-editor\" data-id=\"ed370d4\" data-element_type=\"widget\" data-e-type=\"widget\" data-widget_type=\"text-editor.default\">\n\t\t\t\t<div class=\"elementor-widget-container\">\n\t\t\t\t\t\t\t\t\t<div class=\"fl-module fl-module-heading fl-node-593675a37b085\" data-node=\"593675a37b085\"><div class=\"fl-module-content fl-node-content\"><h3 class=\"fl-heading\"><span class=\"fl-heading-text\">LOS ESTUDIOS DE CASOS:<\/span><\/h3><\/div><\/div><div class=\"fl-module fl-module-icon fl-node-591da07e0e173\" data-node=\"591da07e0e173\"><div class=\"fl-module-content fl-node-content\"><div class=\"fl-icon-wrap\"><i class=\"fa fa-angle-right\" aria-hidden=\"true\"><\/i><div id=\"fl-icon-text-591da07e0e173\" class=\"fl-icon-text fl-icon-text-wrap\"><p><a href=\"https:\/\/quantec.eu\/espanol\/quantec_consulting\/co_estudios_casos_urbatschek_1.html\">Desarrollo de la personalidad y aumento del \u00e9xito profesional para actores<\/a><\/p><\/div><\/div><\/div><\/div>\t\t\t\t\t\t\t\t<\/div>\n\t\t\t\t<\/div>\n\t\t\t\t<\/div>\n\t\t\t\t\t<\/div>\n\t\t\t\t<\/div>\n\t\t\t\t<\/div>\n\t\t","protected":false},"excerpt":{"rendered":"<p>Coaching y asesoramiento existencial Los sigientes usuarios ofecen soluciones para el sector no medicinal y son recomendados por nosotros para assesorias privadas e professionales (en orden alfab\u00e9tico): ALEMANIA:K\u00f6nig Programas de \u00e9xito(Hasta 2011 Kraus &amp; K\u00f6nig) LOS ESTUDIOS DE CASOS: Tratamiento exitoso de 1 hect\u00e1rea de pasto, del arbolado y mejora de la salud de los [&hellip;]<\/p>\n","protected":false},"author":1,"featured_media":0,"parent":3676,"menu_order":0,"comment_status":"closed","ping_status":"closed","template":"elementor_header_footer","meta":{"footnotes":""},"class_list":["post-3909","page","type-page","status-publish","hentry"],"yoast_head":"<!-- This site is optimized with the Yoast SEO plugin v27.3 - https:\/\/yoast.com\/product\/yoast-seo-wordpress\/ -->\n<title>Coaching - Quantec GmbH<\/title>\n<meta name=\"robots\" content=\"index, follow, max-snippet:-1, max-image-preview:large, max-video-preview:-1\" \/>\n<link rel=\"canonical\" href=\"https:\/\/quantec.eu\/es\/quantec-pro\/campos-aplicacion\/consulting-coaching\/\" \/>\n<meta property=\"og:locale\" content=\"es_ES\" \/>\n<meta property=\"og:type\" content=\"article\" \/>\n<meta property=\"og:title\" content=\"Coaching - Quantec GmbH\" \/>\n<meta property=\"og:description\" content=\"Coaching y asesoramiento existencial Los sigientes usuarios ofecen soluciones para el sector no medicinal y son recomendados por nosotros para assesorias privadas e professionales (en orden alfab\u00e9tico): ALEMANIA:K\u00f6nig Programas de \u00e9xito(Hasta 2011 Kraus &amp; K\u00f6nig) LOS ESTUDIOS DE CASOS: Tratamiento exitoso de 1 hect\u00e1rea de pasto, del arbolado y mejora de la salud de los [&hellip;]\" \/>\n<meta property=\"og:url\" content=\"https:\/\/quantec.eu\/es\/quantec-pro\/campos-aplicacion\/consulting-coaching\/\" \/>\n<meta property=\"og:site_name\" content=\"Quantec GmbH\" \/>\n<meta property=\"article:modified_time\" content=\"2024-06-25T13:07:02+00:00\" \/>\n<meta property=\"og:image\" content=\"https:\/\/quantec.eu\/wp-content\/uploads\/2024\/04\/logo_Stephan-Koenig.jpg\" \/>\n<meta name=\"twitter:card\" content=\"summary_large_image\" \/>\n<meta name=\"twitter:label1\" content=\"Tiempo de lectura\" \/>\n\t<meta name=\"twitter:data1\" content=\"1 minuto\" \/>\n<script type=\"application\/ld+json\" class=\"yoast-schema-graph\">{\"@context\":\"https:\\\/\\\/schema.org\",\"@graph\":[{\"@type\":\"WebPage\",\"@id\":\"https:\\\/\\\/quantec.eu\\\/es\\\/quantec-pro\\\/campos-aplicacion\\\/consulting-coaching\\\/\",\"url\":\"https:\\\/\\\/quantec.eu\\\/es\\\/quantec-pro\\\/campos-aplicacion\\\/consulting-coaching\\\/\",\"name\":\"Coaching - Quantec GmbH\",\"isPartOf\":{\"@id\":\"https:\\\/\\\/quantec.eu\\\/es\\\/#website\"},\"primaryImageOfPage\":{\"@id\":\"https:\\\/\\\/quantec.eu\\\/es\\\/quantec-pro\\\/campos-aplicacion\\\/consulting-coaching\\\/#primaryimage\"},\"image\":{\"@id\":\"https:\\\/\\\/quantec.eu\\\/es\\\/quantec-pro\\\/campos-aplicacion\\\/consulting-coaching\\\/#primaryimage\"},\"thumbnailUrl\":\"https:\\\/\\\/quantec.eu\\\/wp-content\\\/uploads\\\/2024\\\/04\\\/logo_Stephan-Koenig.jpg\",\"datePublished\":\"2024-04-03T15:28:51+00:00\",\"dateModified\":\"2024-06-25T13:07:02+00:00\",\"breadcrumb\":{\"@id\":\"https:\\\/\\\/quantec.eu\\\/es\\\/quantec-pro\\\/campos-aplicacion\\\/consulting-coaching\\\/#breadcrumb\"},\"inLanguage\":\"es\",\"potentialAction\":[{\"@type\":\"ReadAction\",\"target\":[\"https:\\\/\\\/quantec.eu\\\/es\\\/quantec-pro\\\/campos-aplicacion\\\/consulting-coaching\\\/\"]}]},{\"@type\":\"ImageObject\",\"inLanguage\":\"es\",\"@id\":\"https:\\\/\\\/quantec.eu\\\/es\\\/quantec-pro\\\/campos-aplicacion\\\/consulting-coaching\\\/#primaryimage\",\"url\":\"https:\\\/\\\/quantec.eu\\\/wp-content\\\/uploads\\\/2024\\\/04\\\/logo_Stephan-Koenig.jpg\",\"contentUrl\":\"https:\\\/\\\/quantec.eu\\\/wp-content\\\/uploads\\\/2024\\\/04\\\/logo_Stephan-Koenig.jpg\"},{\"@type\":\"BreadcrumbList\",\"@id\":\"https:\\\/\\\/quantec.eu\\\/es\\\/quantec-pro\\\/campos-aplicacion\\\/consulting-coaching\\\/#breadcrumb\",\"itemListElement\":[{\"@type\":\"ListItem\",\"position\":1,\"name\":\"Startseite\",\"item\":\"https:\\\/\\\/quantec.eu\\\/es\\\/\"},{\"@type\":\"ListItem\",\"position\":2,\"name\":\"QUANTEC PRO\",\"item\":\"https:\\\/\\\/quantec.eu\\\/es\\\/quantec-pro\\\/\"},{\"@type\":\"ListItem\",\"position\":3,\"name\":\"campos aplicacion\",\"item\":\"https:\\\/\\\/quantec.eu\\\/es\\\/quantec-pro\\\/anwendungsbereiche\\\/\"},{\"@type\":\"ListItem\",\"position\":4,\"name\":\"consulting coaching\"}]},{\"@type\":\"WebSite\",\"@id\":\"https:\\\/\\\/quantec.eu\\\/es\\\/#website\",\"url\":\"https:\\\/\\\/quantec.eu\\\/es\\\/\",\"name\":\"Quantec GmbH\",\"description\":\"INSTRUMENTELLE BIOKOMMUNIKATION\",\"potentialAction\":[{\"@type\":\"SearchAction\",\"target\":{\"@type\":\"EntryPoint\",\"urlTemplate\":\"https:\\\/\\\/quantec.eu\\\/es\\\/?s={search_term_string}\"},\"query-input\":{\"@type\":\"PropertyValueSpecification\",\"valueRequired\":true,\"valueName\":\"search_term_string\"}}],\"inLanguage\":\"es\"}]}<\/script>\n<!-- \/ Yoast SEO plugin. -->","yoast_head_json":{"title":"Coaching - Quantec GmbH","robots":{"index":"index","follow":"follow","max-snippet":"max-snippet:-1","max-image-preview":"max-image-preview:large","max-video-preview":"max-video-preview:-1"},"canonical":"https:\/\/quantec.eu\/es\/quantec-pro\/campos-aplicacion\/consulting-coaching\/","og_locale":"es_ES","og_type":"article","og_title":"Coaching - Quantec GmbH","og_description":"Coaching y asesoramiento existencial Los sigientes usuarios ofecen soluciones para el sector no medicinal y son recomendados por nosotros para assesorias privadas e professionales (en orden alfab\u00e9tico): ALEMANIA:K\u00f6nig Programas de \u00e9xito(Hasta 2011 Kraus &amp; K\u00f6nig) LOS ESTUDIOS DE CASOS: Tratamiento exitoso de 1 hect\u00e1rea de pasto, del arbolado y mejora de la salud de los [&hellip;]","og_url":"https:\/\/quantec.eu\/es\/quantec-pro\/campos-aplicacion\/consulting-coaching\/","og_site_name":"Quantec GmbH","article_modified_time":"2024-06-25T13:07:02+00:00","og_image":[{"url":"https:\/\/quantec.eu\/wp-content\/uploads\/2024\/04\/logo_Stephan-Koenig.jpg","type":"","width":"","height":""}],"twitter_card":"summary_large_image","twitter_misc":{"Tiempo de lectura":"1 minuto"},"schema":{"@context":"https:\/\/schema.org","@graph":[{"@type":"WebPage","@id":"https:\/\/quantec.eu\/es\/quantec-pro\/campos-aplicacion\/consulting-coaching\/","url":"https:\/\/quantec.eu\/es\/quantec-pro\/campos-aplicacion\/consulting-coaching\/","name":"Coaching - Quantec GmbH","isPartOf":{"@id":"https:\/\/quantec.eu\/es\/#website"},"primaryImageOfPage":{"@id":"https:\/\/quantec.eu\/es\/quantec-pro\/campos-aplicacion\/consulting-coaching\/#primaryimage"},"image":{"@id":"https:\/\/quantec.eu\/es\/quantec-pro\/campos-aplicacion\/consulting-coaching\/#primaryimage"},"thumbnailUrl":"https:\/\/quantec.eu\/wp-content\/uploads\/2024\/04\/logo_Stephan-Koenig.jpg","datePublished":"2024-04-03T15:28:51+00:00","dateModified":"2024-06-25T13:07:02+00:00","breadcrumb":{"@id":"https:\/\/quantec.eu\/es\/quantec-pro\/campos-aplicacion\/consulting-coaching\/#breadcrumb"},"inLanguage":"es","potentialAction":[{"@type":"ReadAction","target":["https:\/\/quantec.eu\/es\/quantec-pro\/campos-aplicacion\/consulting-coaching\/"]}]},{"@type":"ImageObject","inLanguage":"es","@id":"https:\/\/quantec.eu\/es\/quantec-pro\/campos-aplicacion\/consulting-coaching\/#primaryimage","url":"https:\/\/quantec.eu\/wp-content\/uploads\/2024\/04\/logo_Stephan-Koenig.jpg","contentUrl":"https:\/\/quantec.eu\/wp-content\/uploads\/2024\/04\/logo_Stephan-Koenig.jpg"},{"@type":"BreadcrumbList","@id":"https:\/\/quantec.eu\/es\/quantec-pro\/campos-aplicacion\/consulting-coaching\/#breadcrumb","itemListElement":[{"@type":"ListItem","position":1,"name":"Startseite","item":"https:\/\/quantec.eu\/es\/"},{"@type":"ListItem","position":2,"name":"QUANTEC PRO","item":"https:\/\/quantec.eu\/es\/quantec-pro\/"},{"@type":"ListItem","position":3,"name":"campos aplicacion","item":"https:\/\/quantec.eu\/es\/quantec-pro\/anwendungsbereiche\/"},{"@type":"ListItem","position":4,"name":"consulting coaching"}]},{"@type":"WebSite","@id":"https:\/\/quantec.eu\/es\/#website","url":"https:\/\/quantec.eu\/es\/","name":"Quantec GmbH","description":"INSTRUMENTELLE BIOKOMMUNIKATION","potentialAction":[{"@type":"SearchAction","target":{"@type":"EntryPoint","urlTemplate":"https:\/\/quantec.eu\/es\/?s={search_term_string}"},"query-input":{"@type":"PropertyValueSpecification","valueRequired":true,"valueName":"search_term_string"}}],"inLanguage":"es"}]}},"_links":{"self":[{"href":"https:\/\/quantec.eu\/es\/wp-json\/wp\/v2\/pages\/3909","targetHints":{"allow":["GET"]}}],"collection":[{"href":"https:\/\/quantec.eu\/es\/wp-json\/wp\/v2\/pages"}],"about":[{"href":"https:\/\/quantec.eu\/es\/wp-json\/wp\/v2\/types\/page"}],"author":[{"embeddable":true,"href":"https:\/\/quantec.eu\/es\/wp-json\/wp\/v2\/users\/1"}],"replies":[{"embeddable":true,"href":"https:\/\/quantec.eu\/es\/wp-json\/wp\/v2\/comments?post=3909"}],"version-history":[{"count":0,"href":"https:\/\/quantec.eu\/es\/wp-json\/wp\/v2\/pages\/3909\/revisions"}],"up":[{"embeddable":true,"href":"https:\/\/quantec.eu\/es\/wp-json\/wp\/v2\/pages\/3676"}],"wp:attachment":[{"href":"https:\/\/quantec.eu\/es\/wp-json\/wp\/v2\/media?parent=3909"}],"curies":[{"name":"wp","href":"https:\/\/api.w.org\/{rel}","templated":true}]}}