{"id":3661,"date":"2024-04-03T16:00:30","date_gmt":"2024-04-03T16:00:30","guid":{"rendered":"https:\/\/quantec.eu\/psicosomatica\/"},"modified":"2025-06-02T13:02:57","modified_gmt":"2025-06-02T11:02:57","slug":"psicosomatica","status":"publish","type":"page","link":"https:\/\/quantec.eu\/es\/quantec-pro\/campos-aplicacion\/psicosomatica\/","title":{"rendered":"Ps\u00edcosom\u00e1tica"},"content":{"rendered":"\t\t<div data-elementor-type=\"wp-page\" data-elementor-id=\"3661\" class=\"elementor elementor-3661 elementor-3277\" data-elementor-post-type=\"page\">\n\t\t\t\t<div data-particle_enable=\"false\" data-particle-mobile-disabled=\"false\" class=\"elementor-element elementor-element-7b8a26c e-flex e-con-boxed e-con e-parent\" data-id=\"7b8a26c\" data-element_type=\"container\" data-e-type=\"container\" data-settings=\"{&quot;background_background&quot;:&quot;classic&quot;}\">\n\t\t\t\t\t<div class=\"e-con-inner\">\n\t\t<div data-particle_enable=\"false\" data-particle-mobile-disabled=\"false\" class=\"elementor-element elementor-element-c502b1e e-con-full e-flex e-con e-child\" data-id=\"c502b1e\" data-element_type=\"container\" data-e-type=\"container\">\n\t\t\t\t<div class=\"elementor-element elementor-element-ea1912d elementor-widget elementor-widget-heading\" data-id=\"ea1912d\" data-element_type=\"widget\" data-e-type=\"widget\" data-widget_type=\"heading.default\">\n\t\t\t\t<div class=\"elementor-widget-container\">\n\t\t\t\t\t<h1 class=\"elementor-heading-title elementor-size-default\">QUANTEC\u00ae y el modulo de ps\u00edcosom\u00e1tica \"ExpertScan\"<\/h1>\t\t\t\t<\/div>\n\t\t\t\t<\/div>\n\t\t\t\t<div class=\"elementor-element elementor-element-830c984 elementor-widget elementor-widget-image\" data-id=\"830c984\" data-element_type=\"widget\" data-e-type=\"widget\" data-widget_type=\"image.default\">\n\t\t\t\t<div class=\"elementor-widget-container\">\n\t\t\t\t\t\t\t\t\t\t\t\t\t\t\t<img fetchpriority=\"high\" decoding=\"async\" width=\"920\" height=\"623\" src=\"https:\/\/quantec.eu\/wp-content\/uploads\/2024\/04\/scannen.png\" class=\"attachment-full size-full wp-image-3287\" alt=\"\" srcset=\"https:\/\/quantec.eu\/wp-content\/uploads\/2024\/04\/scannen.png 920w, https:\/\/quantec.eu\/wp-content\/uploads\/2024\/04\/scannen-300x203.png 300w, https:\/\/quantec.eu\/wp-content\/uploads\/2024\/04\/scannen-768x520.png 768w\" sizes=\"(max-width: 920px) 100vw, 920px\" \/>\t\t\t\t\t\t\t\t\t\t\t\t\t\t\t<\/div>\n\t\t\t\t<\/div>\n\t\t\t\t<div class=\"elementor-element elementor-element-1a31bc8 elementor-widget elementor-widget-text-editor\" data-id=\"1a31bc8\" data-element_type=\"widget\" data-e-type=\"widget\" data-widget_type=\"text-editor.default\">\n\t\t\t\t<div class=\"elementor-widget-container\">\n\t\t\t\t\t\t\t\t\t<p><strong>Figura:<\/strong> Secci\u00f3n de la pantalla de selecci\u00f3n de Psicosom\u00e1tica <a href=\"https:\/\/quantec.eu\/es\/quantec-pro\/campos-aplicacion\/psicosomatica\/ejemplo-escaneo-expert\/\">(hacer clic aqu\u00ed para un ejemplo)<\/a><\/p>\n<p>Los def\/ejemplo-escaneo-expertensores del principio psicosom\u00e1tico ven en los s\u00edntomas solo el final de una larga cadena que tiene su principio, su origen, en otro lugar: en la psique.<\/p>\n<p>Pr\u00e1cticamente toda enfermedad tiene una causa ps\u00edquica y t\u00edpica de la misma. \u00abSoma\u00bb es la palabra griega para describir el cuerpo y si la psique se somete permanentemente en un aspecto determinado a un estado de desequilibrio y falto de armon\u00eda, lo psicosomatiza y muestra al cuerpo d\u00f3nde est\u00e1 el problema. Y lo muestra mediante las mismas enfermedades en todas las personas de todos los idiomas, culturas y pueblos.<\/p>\n<p>En algunas enfermedades, la interpretaci\u00f3n psicosom\u00e1tica es sencilla y suele estar cimentada en el lenguaje popular: Expresiones como \u00abechar los h\u00edgados\u00bb, \u00abme llega al alma\u00bb o \u00abme ha roto el coraz\u00f3n\u00bb son ejemplos de ello. Ahora bien, \u00bfcu\u00e1l es la causa psicosom\u00e1tica de la osteoporosis o de un brazo de tenista?<\/p>\n<p>En el m\u00f3dulo de conocimiento de QUANTEC\u00ae PRO, el ExpertScan, est\u00e1n incluidas las interpretaciones de m\u00e1s del 95% de los s\u00edntomas y enfermedades por lo que los pacientes visitan una consulta de medicina general. Aproveche las oportunidades que le ofrece este conocimiento y ayude a los pacientes no solo a combatir los s\u00edntomas sino tambi\u00e9n a detectar y solucionar sus causas.<\/p>\n\t\t\t\t\t\t\t\t<\/div>\n\t\t\t\t<\/div>\n\t\t\t\t<div class=\"elementor-element elementor-element-747e49d7 elementor-widget elementor-widget-button\" data-id=\"747e49d7\" data-element_type=\"widget\" data-e-type=\"widget\" data-widget_type=\"button.default\">\n\t\t\t\t<div class=\"elementor-widget-container\">\n\t\t\t\t\t\t\t\t\t<div class=\"elementor-button-wrapper\">\n\t\t\t\t\t<a class=\"elementor-button elementor-button-link elementor-size-sm\" href=\"https:\/\/quantec.eu\/es\/quantec-pro\/campos-aplicacion\/psicosomatica\/ejemplo-escaneo-expert\/\">\n\t\t\t\t\t\t<span class=\"elementor-button-content-wrapper\">\n\t\t\t\t\t\t\t\t\t<span class=\"elementor-button-text\">hacer clic aqu\u00ed para un ejemplo<\/span>\n\t\t\t\t\t<\/span>\n\t\t\t\t\t<\/a>\n\t\t\t\t<\/div>\n\t\t\t\t\t\t\t\t<\/div>\n\t\t\t\t<\/div>\n\t\t\t\t<\/div>\n\t\t\t\t\t<\/div>\n\t\t\t\t<\/div>\n\t\t\t\t<\/div>\n\t\t","protected":false},"excerpt":{"rendered":"<p>QUANTEC\u00ae y el modulo de ps\u00edcosom\u00e1tica \u00abExpertScan\u00bb Figura: Secci\u00f3n de la pantalla de selecci\u00f3n de Psicosom\u00e1tica (hacer clic aqu\u00ed para un ejemplo) Los def\/ejemplo-escaneo-expertensores del principio psicosom\u00e1tico ven en los s\u00edntomas solo el final de una larga cadena que tiene su principio, su origen, en otro lugar: en la psique. Pr\u00e1cticamente toda enfermedad tiene una [&hellip;]<\/p>\n","protected":false},"author":1,"featured_media":0,"parent":3676,"menu_order":0,"comment_status":"closed","ping_status":"closed","template":"elementor_header_footer","meta":{"footnotes":""},"class_list":["post-3661","page","type-page","status-publish","hentry"],"yoast_head":"<!-- This site is optimized with the Yoast SEO plugin v27.3 - https:\/\/yoast.com\/product\/yoast-seo-wordpress\/ -->\n<title>ps\u00edcosom\u00e1tica - Quantec GmbH<\/title>\n<meta name=\"robots\" content=\"index, follow, max-snippet:-1, max-image-preview:large, max-video-preview:-1\" \/>\n<link rel=\"canonical\" href=\"https:\/\/quantec.eu\/es\/quantec-pro\/campos-aplicacion\/psicosomatica\/\" \/>\n<meta property=\"og:locale\" content=\"es_ES\" \/>\n<meta property=\"og:type\" content=\"article\" \/>\n<meta property=\"og:title\" content=\"ps\u00edcosom\u00e1tica - Quantec GmbH\" \/>\n<meta property=\"og:description\" content=\"QUANTEC\u00ae y el modulo de ps\u00edcosom\u00e1tica \u00abExpertScan\u00bb Figura: Secci\u00f3n de la pantalla de selecci\u00f3n de Psicosom\u00e1tica (hacer clic aqu\u00ed para un ejemplo) Los def\/ejemplo-escaneo-expertensores del principio psicosom\u00e1tico ven en los s\u00edntomas solo el final de una larga cadena que tiene su principio, su origen, en otro lugar: en la psique. Pr\u00e1cticamente toda enfermedad tiene una [&hellip;]\" \/>\n<meta property=\"og:url\" content=\"https:\/\/quantec.eu\/es\/quantec-pro\/campos-aplicacion\/psicosomatica\/\" \/>\n<meta property=\"og:site_name\" content=\"Quantec GmbH\" \/>\n<meta property=\"article:modified_time\" content=\"2025-06-02T11:02:57+00:00\" \/>\n<meta property=\"og:image\" content=\"https:\/\/quantec.eu\/wp-content\/uploads\/2024\/04\/scannen.png\" \/>\n\t<meta property=\"og:image:width\" content=\"920\" \/>\n\t<meta property=\"og:image:height\" content=\"623\" \/>\n\t<meta property=\"og:image:type\" content=\"image\/png\" \/>\n<meta name=\"twitter:card\" content=\"summary_large_image\" \/>\n<meta name=\"twitter:label1\" content=\"Tiempo de lectura\" \/>\n\t<meta name=\"twitter:data1\" content=\"1 minuto\" \/>\n<script type=\"application\/ld+json\" class=\"yoast-schema-graph\">{\"@context\":\"https:\\\/\\\/schema.org\",\"@graph\":[{\"@type\":\"WebPage\",\"@id\":\"https:\\\/\\\/quantec.eu\\\/es\\\/quantec-pro\\\/campos-aplicacion\\\/psicosomatica\\\/\",\"url\":\"https:\\\/\\\/quantec.eu\\\/es\\\/quantec-pro\\\/campos-aplicacion\\\/psicosomatica\\\/\",\"name\":\"ps\u00edcosom\u00e1tica - Quantec GmbH\",\"isPartOf\":{\"@id\":\"https:\\\/\\\/quantec.eu\\\/es\\\/#website\"},\"primaryImageOfPage\":{\"@id\":\"https:\\\/\\\/quantec.eu\\\/es\\\/quantec-pro\\\/campos-aplicacion\\\/psicosomatica\\\/#primaryimage\"},\"image\":{\"@id\":\"https:\\\/\\\/quantec.eu\\\/es\\\/quantec-pro\\\/campos-aplicacion\\\/psicosomatica\\\/#primaryimage\"},\"thumbnailUrl\":\"https:\\\/\\\/quantec.eu\\\/wp-content\\\/uploads\\\/2024\\\/04\\\/scannen.png\",\"datePublished\":\"2024-04-03T16:00:30+00:00\",\"dateModified\":\"2025-06-02T11:02:57+00:00\",\"breadcrumb\":{\"@id\":\"https:\\\/\\\/quantec.eu\\\/es\\\/quantec-pro\\\/campos-aplicacion\\\/psicosomatica\\\/#breadcrumb\"},\"inLanguage\":\"es\",\"potentialAction\":[{\"@type\":\"ReadAction\",\"target\":[\"https:\\\/\\\/quantec.eu\\\/es\\\/quantec-pro\\\/campos-aplicacion\\\/psicosomatica\\\/\"]}]},{\"@type\":\"ImageObject\",\"inLanguage\":\"es\",\"@id\":\"https:\\\/\\\/quantec.eu\\\/es\\\/quantec-pro\\\/campos-aplicacion\\\/psicosomatica\\\/#primaryimage\",\"url\":\"https:\\\/\\\/quantec.eu\\\/wp-content\\\/uploads\\\/2024\\\/04\\\/scannen.png\",\"contentUrl\":\"https:\\\/\\\/quantec.eu\\\/wp-content\\\/uploads\\\/2024\\\/04\\\/scannen.png\"},{\"@type\":\"BreadcrumbList\",\"@id\":\"https:\\\/\\\/quantec.eu\\\/es\\\/quantec-pro\\\/campos-aplicacion\\\/psicosomatica\\\/#breadcrumb\",\"itemListElement\":[{\"@type\":\"ListItem\",\"position\":1,\"name\":\"Startseite\",\"item\":\"https:\\\/\\\/quantec.eu\\\/es\\\/\"},{\"@type\":\"ListItem\",\"position\":2,\"name\":\"QUANTEC PRO\",\"item\":\"https:\\\/\\\/quantec.eu\\\/es\\\/quantec-pro\\\/\"},{\"@type\":\"ListItem\",\"position\":3,\"name\":\"campos aplicacion\",\"item\":\"https:\\\/\\\/quantec.eu\\\/es\\\/quantec-pro\\\/anwendungsbereiche\\\/\"},{\"@type\":\"ListItem\",\"position\":4,\"name\":\"Ps\u00edcosom\u00e1tica\"}]},{\"@type\":\"WebSite\",\"@id\":\"https:\\\/\\\/quantec.eu\\\/es\\\/#website\",\"url\":\"https:\\\/\\\/quantec.eu\\\/es\\\/\",\"name\":\"Quantec GmbH\",\"description\":\"INSTRUMENTELLE BIOKOMMUNIKATION\",\"potentialAction\":[{\"@type\":\"SearchAction\",\"target\":{\"@type\":\"EntryPoint\",\"urlTemplate\":\"https:\\\/\\\/quantec.eu\\\/es\\\/?s={search_term_string}\"},\"query-input\":{\"@type\":\"PropertyValueSpecification\",\"valueRequired\":true,\"valueName\":\"search_term_string\"}}],\"inLanguage\":\"es\"}]}<\/script>\n<!-- \/ Yoast SEO plugin. -->","yoast_head_json":{"title":"ps\u00edcosom\u00e1tica - Quantec GmbH","robots":{"index":"index","follow":"follow","max-snippet":"max-snippet:-1","max-image-preview":"max-image-preview:large","max-video-preview":"max-video-preview:-1"},"canonical":"https:\/\/quantec.eu\/es\/quantec-pro\/campos-aplicacion\/psicosomatica\/","og_locale":"es_ES","og_type":"article","og_title":"ps\u00edcosom\u00e1tica - Quantec GmbH","og_description":"QUANTEC\u00ae y el modulo de ps\u00edcosom\u00e1tica \u00abExpertScan\u00bb Figura: Secci\u00f3n de la pantalla de selecci\u00f3n de Psicosom\u00e1tica (hacer clic aqu\u00ed para un ejemplo) Los def\/ejemplo-escaneo-expertensores del principio psicosom\u00e1tico ven en los s\u00edntomas solo el final de una larga cadena que tiene su principio, su origen, en otro lugar: en la psique. Pr\u00e1cticamente toda enfermedad tiene una [&hellip;]","og_url":"https:\/\/quantec.eu\/es\/quantec-pro\/campos-aplicacion\/psicosomatica\/","og_site_name":"Quantec GmbH","article_modified_time":"2025-06-02T11:02:57+00:00","og_image":[{"width":920,"height":623,"url":"https:\/\/quantec.eu\/wp-content\/uploads\/2024\/04\/scannen.png","type":"image\/png"}],"twitter_card":"summary_large_image","twitter_misc":{"Tiempo de lectura":"1 minuto"},"schema":{"@context":"https:\/\/schema.org","@graph":[{"@type":"WebPage","@id":"https:\/\/quantec.eu\/es\/quantec-pro\/campos-aplicacion\/psicosomatica\/","url":"https:\/\/quantec.eu\/es\/quantec-pro\/campos-aplicacion\/psicosomatica\/","name":"ps\u00edcosom\u00e1tica - Quantec GmbH","isPartOf":{"@id":"https:\/\/quantec.eu\/es\/#website"},"primaryImageOfPage":{"@id":"https:\/\/quantec.eu\/es\/quantec-pro\/campos-aplicacion\/psicosomatica\/#primaryimage"},"image":{"@id":"https:\/\/quantec.eu\/es\/quantec-pro\/campos-aplicacion\/psicosomatica\/#primaryimage"},"thumbnailUrl":"https:\/\/quantec.eu\/wp-content\/uploads\/2024\/04\/scannen.png","datePublished":"2024-04-03T16:00:30+00:00","dateModified":"2025-06-02T11:02:57+00:00","breadcrumb":{"@id":"https:\/\/quantec.eu\/es\/quantec-pro\/campos-aplicacion\/psicosomatica\/#breadcrumb"},"inLanguage":"es","potentialAction":[{"@type":"ReadAction","target":["https:\/\/quantec.eu\/es\/quantec-pro\/campos-aplicacion\/psicosomatica\/"]}]},{"@type":"ImageObject","inLanguage":"es","@id":"https:\/\/quantec.eu\/es\/quantec-pro\/campos-aplicacion\/psicosomatica\/#primaryimage","url":"https:\/\/quantec.eu\/wp-content\/uploads\/2024\/04\/scannen.png","contentUrl":"https:\/\/quantec.eu\/wp-content\/uploads\/2024\/04\/scannen.png"},{"@type":"BreadcrumbList","@id":"https:\/\/quantec.eu\/es\/quantec-pro\/campos-aplicacion\/psicosomatica\/#breadcrumb","itemListElement":[{"@type":"ListItem","position":1,"name":"Startseite","item":"https:\/\/quantec.eu\/es\/"},{"@type":"ListItem","position":2,"name":"QUANTEC PRO","item":"https:\/\/quantec.eu\/es\/quantec-pro\/"},{"@type":"ListItem","position":3,"name":"campos aplicacion","item":"https:\/\/quantec.eu\/es\/quantec-pro\/anwendungsbereiche\/"},{"@type":"ListItem","position":4,"name":"Ps\u00edcosom\u00e1tica"}]},{"@type":"WebSite","@id":"https:\/\/quantec.eu\/es\/#website","url":"https:\/\/quantec.eu\/es\/","name":"Quantec GmbH","description":"INSTRUMENTELLE BIOKOMMUNIKATION","potentialAction":[{"@type":"SearchAction","target":{"@type":"EntryPoint","urlTemplate":"https:\/\/quantec.eu\/es\/?s={search_term_string}"},"query-input":{"@type":"PropertyValueSpecification","valueRequired":true,"valueName":"search_term_string"}}],"inLanguage":"es"}]}},"_links":{"self":[{"href":"https:\/\/quantec.eu\/es\/wp-json\/wp\/v2\/pages\/3661","targetHints":{"allow":["GET"]}}],"collection":[{"href":"https:\/\/quantec.eu\/es\/wp-json\/wp\/v2\/pages"}],"about":[{"href":"https:\/\/quantec.eu\/es\/wp-json\/wp\/v2\/types\/page"}],"author":[{"embeddable":true,"href":"https:\/\/quantec.eu\/es\/wp-json\/wp\/v2\/users\/1"}],"replies":[{"embeddable":true,"href":"https:\/\/quantec.eu\/es\/wp-json\/wp\/v2\/comments?post=3661"}],"version-history":[{"count":4,"href":"https:\/\/quantec.eu\/es\/wp-json\/wp\/v2\/pages\/3661\/revisions"}],"predecessor-version":[{"id":9306,"href":"https:\/\/quantec.eu\/es\/wp-json\/wp\/v2\/pages\/3661\/revisions\/9306"}],"up":[{"embeddable":true,"href":"https:\/\/quantec.eu\/es\/wp-json\/wp\/v2\/pages\/3676"}],"wp:attachment":[{"href":"https:\/\/quantec.eu\/es\/wp-json\/wp\/v2\/media?parent=3661"}],"curies":[{"name":"wp","href":"https:\/\/api.w.org\/{rel}","templated":true}]}}